{"id":34156,"date":"2024-07-15T13:08:04","date_gmt":"2024-07-15T12:08:04","guid":{"rendered":"https:\/\/articagency.cat\/?page_id=34156"},"modified":"2024-07-15T15:59:02","modified_gmt":"2024-07-15T14:59:02","slug":"conferencies-masterclass-ia","status":"publish","type":"page","link":"https:\/\/articagency.cat\/ca\/conferencies-masterclass-ia\/","title":{"rendered":"Confer\u00e8ncies i Masterclass de IA i m\u00e0rqueting digital"},"content":{"rendered":"\n[et_pb_section fb_built=&#8221;1&#8243; fullwidth=&#8221;on&#8221; admin_label=&#8221;Header&#8221; _builder_version=&#8221;4.26.1&#8243; background_color=&#8221;RGBA(255,255,255,0)&#8221; background_image=&#8221;https:\/\/articagency.cat\/wp-content\/uploads\/2024\/07\/conferencia-calafell-inteligencia-artificial.jpeg&#8221; height=&#8221;515px&#8221; custom_margin=&#8221;0px||0px||false|false&#8221; custom_padding=&#8221;0px||0px||false|false&#8221; bottom_divider_color=&#8221;#00b7a4&#8243; animation_style=&#8221;fade&#8221; hover_enabled=&#8221;0&#8243; background_last_edited=&#8221;on|phone&#8221; background_size_phone=&#8221;contain&#8221; background_horizontal_offset_phone=&#8221;5%&#8221; background_vertical_offset_phone=&#8221;41%&#8221; border_color_top=&#8221;#00b7a4&#8243; border_color_bottom=&#8221;#00b7a4&#8243; global_colors_info=&#8221;{}&#8221; title_text=&#8221;confere\u0300ncia calafell intelige\u0300ncia artificial&#8221; sticky_enabled=&#8221;0&#8243; parallax=&#8221;on&#8221;][et_pb_fullwidth_header title=&#8221;Confer\u00e8ncies i Masterclass&#8221; subhead=&#8221;fem xerrades sobre ia, consultoria digital, m\u00e0rqueting, creaci\u00f3 de nous llocs de treball&#8230;&#8221; button_one_text=&#8221;Demana un pressupost gratu\u00eft&#8221; button_one_url=&#8221;#contactar&#8221; button_two_url=&#8221;#com-ho-fem&#8221; content_max_width=&#8221;640px&#8221; _builder_version=&#8221;4.21.0&#8243; title_font=&#8221;|900|||||||&#8221; title_text_color=&#8221;#000000&#8243; title_font_size=&#8221;40px&#8221; title_line_height=&#8221;1.5em&#8221; content_font=&#8221;||||||||&#8221; content_font_size=&#8221;16px&#8221; content_line_height=&#8221;2em&#8221; subhead_font=&#8221;|700||on|||||&#8221; subhead_text_color=&#8221;#333333&#8243; subhead_font_size=&#8221;14px&#8221; subhead_letter_spacing=&#8221;2px&#8221; subhead_line_height=&#8221;1.7em&#8221; background_color=&#8221;rgba(255,255,255,0.54)&#8221; background_enable_mask_style=&#8221;on&#8221; background_mask_style=&#8221;bean&#8221; background_mask_color=&#8221;rgba(0,183,164,0.5)&#8221; background_mask_size=&#8221;cover&#8221; custom_button_one=&#8221;on&#8221; button_one_text_size=&#8221;14px&#8221; button_one_text_color=&#8221;#ffffff&#8221; button_one_bg_color=&#8221;#ffb835&#8243; button_one_border_width=&#8221;14px&#8221; button_one_border_color=&#8221;rgba(0,0,0,0)&#8221; button_one_border_radius=&#8221;0px&#8221; button_one_letter_spacing=&#8221;2px&#8221; button_one_font=&#8221;|600||on|||||&#8221; button_one_icon=&#8221;&#x24;||divi||400&#8243; button_one_custom_margin=&#8221;56px||||false|false&#8221; custom_button_two=&#8221;on&#8221; button_two_text_size=&#8221;14px&#8221; button_two_text_color=&#8221;#0054ff&#8221; button_two_bg_color=&#8221;rgba(255,255,255,0)&#8221; button_two_border_width=&#8221;12px&#8221; button_two_border_color=&#8221;rgba(0,0,0,0)&#8221; button_two_border_radius=&#8221;0px&#8221; button_two_letter_spacing=&#8221;2px&#8221; button_two_font=&#8221;|600||on|||||&#8221; button_two_icon=&#8221;&#x39;||divi||400&#8243; button_two_on_hover=&#8221;off&#8221; background_layout=&#8221;light&#8221; height=&#8221;100%&#8221; custom_margin=&#8221;0px||||false|false&#8221; custom_padding=&#8221;145px||||false|false&#8221; animation_style=&#8221;zoom&#8221; animation_intensity_zoom=&#8221;-5%&#8221; hover_enabled=&#8221;0&#8243; title_text_color_tablet=&#8221;#000000&#8243; title_text_color_phone=&#8221;#FFFFFF&#8221; title_text_color_last_edited=&#8221;on|desktop&#8221; title_font_size_tablet=&#8221;&#8221; title_font_size_phone=&#8221;25px&#8221; title_font_size_last_edited=&#8221;on|desktop&#8221; subhead_text_color_tablet=&#8221;#666666&#8243; subhead_text_color_phone=&#8221;#FFFFFF&#8221; subhead_text_color_last_edited=&#8221;on|desktop&#8221; background_color_phone=&#8221;rgba(0,0,0,0.51)&#8221; background_last_edited=&#8221;on|desktop&#8221; background_enable_color_phone=&#8221;on&#8221; background_enable_mask_style_phone=&#8221;off&#8221; background_mask_size_phone=&#8221;cover&#8221; button_one_text_size_tablet=&#8221;14px&#8221; button_one_text_size_phone=&#8221;10px&#8221; button_one_text_size_last_edited=&#8221;on|phone&#8221; button_one_letter_spacing_tablet=&#8221;2px&#8221; button_one_letter_spacing_phone=&#8221;1px&#8221; button_one_letter_spacing_last_edited=&#8221;on|phone&#8221; custom_css_button_1=&#8221;animation: floating 4s ease-in-out infinite;&#8221; box_shadow_style_button_one=&#8221;preset3&#8243; box_shadow_style_button_two=&#8221;preset1&#8243; box_shadow_vertical_button_two=&#8221;0px&#8221; box_shadow_blur_button_two=&#8221;0px&#8221; box_shadow_spread_button_two=&#8221;2px&#8221; box_shadow_color_button_two=&#8221;#0054ff&#8221; button_one_letter_spacing_hover=&#8221;2px&#8221; button_two_letter_spacing_hover=&#8221;2px&#8221; global_colors_info=&#8221;{}&#8221; button_one_text_size__hover_enabled=&#8221;off&#8221; button_two_text_size__hover_enabled=&#8221;off&#8221; button_one_text_color__hover_enabled=&#8221;off&#8221; button_two_text_color__hover_enabled=&#8221;off&#8221; button_one_border_width__hover_enabled=&#8221;off&#8221; button_two_border_width__hover_enabled=&#8221;off&#8221; button_one_border_color__hover_enabled=&#8221;off&#8221; button_two_border_color__hover_enabled=&#8221;off&#8221; button_one_border_radius__hover_enabled=&#8221;off&#8221; button_two_border_radius__hover_enabled=&#8221;off&#8221; button_one_letter_spacing__hover_enabled=&#8221;on|desktop&#8221; button_one_letter_spacing__hover=&#8221;2px&#8221; button_two_letter_spacing__hover_enabled=&#8221;on&#8221; button_two_letter_spacing__hover=&#8221;2px&#8221; button_one_bg_color__hover_enabled=&#8221;on|hover&#8221; button_two_bg_color__hover_enabled=&#8221;off&#8221; button_one_bg_color__hover=&#8221;#ffb835&#8243; button_one_bg_enable_color__hover=&#8221;on&#8221; sticky_enabled=&#8221;0&#8243;][\/et_pb_fullwidth_header][\/et_pb_section][et_pb_section fb_built=&#8221;1&#8243; admin_label=&#8221;Services&#8221; _builder_version=&#8221;4.21.0&#8243; background_color=&#8221;#edf1f4&#8243; background_enable_mask_style=&#8221;on&#8221; background_mask_style=&#8221;ellipse&#8221; background_mask_transform=&#8221;invert&#8221; background_mask_size=&#8221;custom&#8221; background_mask_width=&#8221;110%&#8221; background_mask_height=&#8221;0%&#8221; background_mask_position=&#8221;center_left&#8221; background_mask_horizontal_offset=&#8221;-139px&#8221; custom_padding=&#8221;94px||31px|||&#8221; global_colors_info=&#8221;{}&#8221;][et_pb_row _builder_version=&#8221;4.16&#8243; custom_padding=&#8221;|||&#8221; global_colors_info=&#8221;{}&#8221;][et_pb_column type=&#8221;4_4&#8243; _builder_version=&#8221;4.16&#8243; custom_padding=&#8221;|||&#8221; global_colors_info=&#8221;{}&#8221; custom_padding__hover=&#8221;|||&#8221;][et_pb_text content_last_edited=&#8221;off|desktop&#8221; _builder_version=&#8221;4.21.0&#8243; text_font=&#8221;||||||||&#8221; header_font=&#8221;|700|||||||&#8221; header_text_align=&#8221;left&#8221; header_font_size=&#8221;45px&#8221; header_2_font=&#8221;|600||on|||||&#8221; header_2_text_color=&#8221;#000000&#8243; header_2_letter_spacing=&#8221;3px&#8221; header_2_line_height=&#8221;1.8em&#8221; header_3_font=&#8221;|700|||||||&#8221; header_3_text_align=&#8221;left&#8221; header_3_text_color=&#8221;#00b7a4&#8243; header_3_line_height=&#8221;1.5em&#8221; text_orientation=&#8221;center&#8221; header_font_size_tablet=&#8221;45px&#8221; header_font_size_phone=&#8221;30px&#8221; header_font_size_last_edited=&#8221;on|phone&#8221; header_3_font_size_tablet=&#8221;&#8221; header_3_font_size_phone=&#8221;15px&#8221; header_3_font_size_last_edited=&#8221;on|phone&#8221; global_colors_info=&#8221;{}&#8221;]<h2>ens encanta poder transmetre el nostre coneixement<\/h2>\n<h3>Fem confer\u00e8ncies, masterclass i mentories tant presencials com online, i tenim unes tarifes ajustades per a ajuntaments i entitats p\u00fabliques que busquen oferir xerrades professionals<\/h3>[\/et_pb_text][\/et_pb_column][\/et_pb_row][et_pb_row column_structure=&#8221;1_2,1_2&#8243; _builder_version=&#8221;4.16&#8243; global_colors_info=&#8221;{}&#8221;][et_pb_column type=&#8221;1_2&#8243; _builder_version=&#8221;4.16&#8243; custom_padding=&#8221;|||&#8221; global_colors_info=&#8221;{}&#8221; custom_padding__hover=&#8221;|||&#8221;][et_pb_text _builder_version=&#8221;4.20.4&#8243; text_font=&#8221;||||||||&#8221; text_line_height=&#8221;2em&#8221; header_font=&#8221;||||||||&#8221; header_3_font=&#8221;Lato|700|||||||&#8221; header_3_line_height=&#8221;1.4em&#8221; text_orientation=&#8221;justified&#8221; animation_style=&#8221;slide&#8221; animation_direction=&#8221;left&#8221; animation_duration=&#8221;1500ms&#8221; animation_delay=&#8221;400ms&#8221; animation_intensity_slide=&#8221;5%&#8221; global_colors_info=&#8221;{}&#8221;]<p class=\"p1\">A Artic Agency oferim una \u00e0mplia gamma de confer\u00e8ncies, masterclass i sessions de mentoria, tant presencials com en l\u00ednia. Estem compromesos a proporcionar coneixements i orientaci\u00f3 experta en \u00e0rees clau com la Intel\u00b7lig\u00e8ncia Artificial, Consultoria Digital, M\u00e0rqueting, i la Creaci\u00f3 de Nous Llocs de Treball.<\/p>[\/et_pb_text][\/et_pb_column][et_pb_column type=&#8221;1_2&#8243; _builder_version=&#8221;4.16&#8243; custom_padding=&#8221;|||&#8221; global_colors_info=&#8221;{}&#8221; custom_padding__hover=&#8221;|||&#8221;][et_pb_text _builder_version=&#8221;4.20.4&#8243; text_font=&#8221;||||||||&#8221; text_line_height=&#8221;2em&#8221; header_font=&#8221;||||||||&#8221; header_3_font=&#8221;Lato|700|||||||&#8221; header_3_line_height=&#8221;1.4em&#8221; text_orientation=&#8221;justified&#8221; animation_style=&#8221;slide&#8221; animation_direction=&#8221;right&#8221; animation_duration=&#8221;1500ms&#8221; animation_delay=&#8221;400ms&#8221; animation_intensity_slide=&#8221;5%&#8221; locked=&#8221;off&#8221; global_colors_info=&#8221;{}&#8221;]<p class=\"p1\">Amb anys d\u2019experi\u00e8ncia en el sector, adaptem les nostres sessions per a les necessitats espec\u00edfiques dels ajuntaments i entitats p\u00fabliques. Les nostres tarifes estan dissenyades per ser ajustades i accessibles, garantint una excel\u00b7lent relaci\u00f3 qualitat-preu per a aquells que busquen oferir xerrades professionals a la seva comunitat.<\/p>[\/et_pb_text][\/et_pb_column][\/et_pb_row][\/et_pb_section][et_pb_section fb_built=&#8221;1&#8243; admin_label=&#8221;Packages&#8221; _builder_version=&#8221;4.18.0&#8243; background_last_edited=&#8221;on|phone&#8221; background_mask_size_phone=&#8221;cover&#8221; global_colors_info=&#8221;{}&#8221;][et_pb_row column_structure=&#8221;2_5,3_5&#8243; make_equal=&#8221;on&#8221; padding_top_bottom_link_1=&#8221;false&#8221; padding_top_bottom_link_2=&#8221;true&#8221; _builder_version=&#8221;4.18.0&#8243; custom_margin=&#8221;40px||80px||false&#8221; custom_padding=&#8221;0|0px|0|0px|true|false&#8221; animation_style=&#8221;slide&#8221; animation_direction=&#8221;left&#8221; animation_intensity_slide=&#8221;1%&#8221; global_colors_info=&#8221;{}&#8221;][et_pb_column type=&#8221;2_5&#8243; _builder_version=&#8221;4.18.0&#8243; custom_padding=&#8221;80px||40px|&#8221; custom_padding_tablet=&#8221;0px|||&#8221; custom_padding_phone=&#8221;&#8221; custom_padding_last_edited=&#8221;on|tablet&#8221; global_colors_info=&#8221;{}&#8221; padding_tablet=&#8221;0px|||&#8221; padding_last_edited=&#8221;on|tablet&#8221; custom_padding__hover=&#8221;|||&#8221; padding_phone=&#8221;0px|||&#8221;][et_pb_text _builder_version=&#8221;4.26.1&#8243; text_font=&#8221;||||||||&#8221; text_line_height=&#8221;2em&#8221; header_font=&#8221;||||||||&#8221; header_3_font=&#8221;|900|||||||&#8221; header_3_font_size=&#8221;35px&#8221; header_3_line_height=&#8221;1.5em&#8221; header_4_font=&#8221;Open Sans|700||on|||||&#8221; header_4_text_color=&#8221;rgba(12,12,12,0.27)&#8221; header_4_font_size=&#8221;13px&#8221; header_4_letter_spacing=&#8221;3px&#8221; header_4_line_height=&#8221;1.8em&#8221; hover_enabled=&#8221;0&#8243; header_3_font_size_tablet=&#8221;&#8221; header_3_font_size_phone=&#8221;25px&#8221; header_3_font_size_last_edited=&#8221;on|desktop&#8221; global_colors_info=&#8221;{}&#8221; custom_padding=&#8221;||0px|||&#8221; sticky_enabled=&#8221;0&#8243;]<h3><b>Temes Clau de les Nostres Xerrades<\/b><\/h3>\n<p class=\"p1\"><span class=\"Apple-tab-span\"> <\/span>\u2022<span class=\"Apple-tab-span\"> <\/span><b>Intel\u00b7lig\u00e8ncia Artificial (IA):<\/b> Comprendre l\u2019impacte de la IA en els negocis i la societat.<\/p>\n<p class=\"p1\"><span class=\"Apple-tab-span\"> <\/span>\u2022<span class=\"Apple-tab-span\"> <\/span><b>Consultoria Digital:<\/b> Estrat\u00e8gies per a la transformaci\u00f3 digital i l\u2019optimitzaci\u00f3 de processos.<\/p>\n<p class=\"p1\"><span class=\"Apple-tab-span\"> <\/span>\u2022<span class=\"Apple-tab-span\"> <\/span><b>M\u00e0rqueting:<\/b> T\u00e8cniques innovadores per a la promoci\u00f3 i l\u2019engagement de marca.<\/p>\n<p class=\"p1\"><span class=\"Apple-tab-span\"> <\/span>\u2022<span class=\"Apple-tab-span\"> <\/span><b>Creaci\u00f3 de Nous Llocs de Treball:<\/b> Abordatge de les tend\u00e8ncies laborals i les oportunitats emergents.<\/p>\n<p class=\"p1\">\u2022<strong><span class=\"Apple-tab-span\"> Creixement digital<\/span><\/strong><b>:<\/b> Com fer cr\u00e9ixer les empreses gr\u00e0cies a internet i les eines que ens proporciona.<\/p>\n<p class=\"p1\"><span class=\"Apple-tab-span\"> <\/span>\u2022<span class=\"Apple-tab-span\"> <\/span><b>Automatitzaci\u00f3 de processos:<\/b> Facilitem q<\/p>\n<p class=\"p1\"><span class=\"Apple-tab-span\"> <\/span>\u2022<span class=\"Apple-tab-span\"> <\/span><b>Creaci\u00f3 de Nous Llocs de Treball:<\/b> Abordatge de les tend\u00e8ncies laborals i les oportunitats emergents.<\/p>\n<p class=\"p1\">[\/et_pb_text][\/et_pb_column][et_pb_column type=&#8221;3_5&#8243; _builder_version=&#8221;4.18.0&#8243; custom_padding=&#8221;60px||60px|&#8221; global_colors_info=&#8221;{}&#8221; custom_padding__hover=&#8221;|||&#8221;][et_pb_image src=&#8221;https:\/\/articagency.cat\/wp-content\/uploads\/2024\/07\/cartell-conferencia.jpg&#8221; alt=&#8221;analitica web&#8221; title_text=&#8221;cartell conferencia&#8221; align_tablet=&#8221;center&#8221; align_phone=&#8221;&#8221; align_last_edited=&#8221;on|desktop&#8221; _builder_version=&#8221;4.26.1&#8243; custom_margin=&#8221;|-20%||&#8221; custom_margin_tablet=&#8221;|-10%||&#8221; custom_margin_phone=&#8221;|||&#8221; custom_margin_last_edited=&#8221;on|phone&#8221; animation_style=&#8221;slide&#8221; animation_direction=&#8221;right&#8221; animation_duration=&#8221;1600ms&#8221; animation_delay=&#8221;500ms&#8221; animation_intensity_slide=&#8221;5%&#8221; hover_enabled=&#8221;0&#8243; global_colors_info=&#8221;{}&#8221; sticky_enabled=&#8221;0&#8243;][\/et_pb_image][\/et_pb_column][\/et_pb_row][\/et_pb_section][et_pb_section fb_built=&#8221;1&#8243; _builder_version=&#8221;4.20.4&#8243; _module_preset=&#8221;default&#8221; background_enable_mask_style=&#8221;on&#8221; background_mask_style=&#8221;arch&#8221; background_mask_color=&#8221;#edf1f4&#8243; background_mask_transform=&#8221;flip_horizontal&#8221; background_mask_size=&#8221;cover&#8221; custom_padding=&#8221;0px||||false|false&#8221; global_colors_info=&#8221;{}&#8221;][et_pb_row column_structure=&#8221;3_5,2_5&#8243; make_equal=&#8221;on&#8221; padding_top_bottom_link_1=&#8221;true&#8221; padding_top_bottom_link_2=&#8221;false&#8221; _builder_version=&#8221;4.20.4&#8243; custom_margin=&#8221;0px||0px||false|false&#8221; custom_padding=&#8221;0|0px|0|0px|true|false&#8221; animation_style=&#8221;slide&#8221; animation_direction=&#8221;right&#8221; animation_intensity_slide=&#8221;1%&#8221; global_colors_info=&#8221;{}&#8221;][et_pb_column type=&#8221;3_5&#8243; _builder_version=&#8221;4.18.0&#8243; custom_padding=&#8221;135px||60px||false|false&#8221; global_colors_info=&#8221;{}&#8221; custom_padding__hover=&#8221;|||&#8221;][et_pb_image src=&#8221;https:\/\/articagency.cat\/wp-content\/uploads\/2024\/07\/artic-agency-conferencia.jpeg&#8221; alt=&#8221;Analitica web Semrush&#8221; title_text=&#8221;artic agency conferencia&#8221; align=&#8221;center&#8221; force_fullwidth=&#8221;on&#8221; align_tablet=&#8221;center&#8221; align_phone=&#8221;&#8221; align_last_edited=&#8221;on|desktop&#8221; _builder_version=&#8221;4.26.1&#8243; custom_margin=&#8221;|||-20%&#8221; custom_margin_tablet=&#8221;|||-10%&#8221; custom_margin_phone=&#8221;|||&#8221; custom_margin_last_edited=&#8221;on|phone&#8221; animation_style=&#8221;slide&#8221; animation_direction=&#8221;left&#8221; animation_duration=&#8221;1700ms&#8221; animation_delay=&#8221;450ms&#8221; animation_intensity_slide=&#8221;5%&#8221; hover_enabled=&#8221;0&#8243; locked=&#8221;off&#8221; global_colors_info=&#8221;{}&#8221; sticky_enabled=&#8221;0&#8243;][\/et_pb_image][\/et_pb_column][et_pb_column type=&#8221;2_5&#8243; _builder_version=&#8221;4.16&#8243; custom_padding=&#8221;80px||40px|&#8221; custom_padding_tablet=&#8221;0px|||&#8221; custom_padding_phone=&#8221;&#8221; custom_padding_last_edited=&#8221;on|desktop&#8221; global_colors_info=&#8221;{}&#8221; padding_tablet=&#8221;0px|||&#8221; padding_last_edited=&#8221;on|desktop&#8221; custom_padding__hover=&#8221;|||&#8221; padding_phone=&#8221;0px|||&#8221;][et_pb_text _builder_version=&#8221;4.20.4&#8243; text_font=&#8221;||||||||&#8221; text_line_height=&#8221;2em&#8221; link_text_color=&#8221;#ffb835&#8243; header_font=&#8221;||||||||&#8221; header_3_font=&#8221;|700|||||||&#8221; header_3_font_size=&#8221;35px&#8221; header_3_line_height=&#8221;1.5em&#8221; header_4_font=&#8221;|700||on|||||&#8221; header_4_text_color=&#8221;rgba(12,12,12,0.27)&#8221; header_4_font_size=&#8221;13px&#8221; header_4_letter_spacing=&#8221;3px&#8221; header_4_line_height=&#8221;1.8em&#8221; header_3_font_size_tablet=&#8221;&#8221; header_3_font_size_phone=&#8221;25px&#8221; header_3_font_size_last_edited=&#8221;on|phone&#8221; locked=&#8221;off&#8221; global_colors_info=&#8221;{}&#8221;]<h3>Personalitzaci\u00f3 i flexibilitat<\/h3>\n<p class=\"p1\">Les nostres taules rodones i confer\u00e8ncies es dissenyen tenint en compte els temes i els objectius espec\u00edfics de la teva organitzaci\u00f3. Treballem de prop amb els nostres clients per identificar els temes clau, seleccionar els ponents m\u00e9s adequats i crear una experi\u00e8ncia que fomenti la participaci\u00f3 activa i el debat constructiu.<\/p>\n<p class=\"p1\">Descobreix com podem col\u00b7laborar per organitzar una taula rodona o confer\u00e8ncia que impulsin la teva organitzaci\u00f3 cap a un futur m\u00e9s innovador i ben connectat. Posa\u2019t en contacte amb nosaltres per explorar les opcions disponibles i com podem ajudar a realitzar el teu esdeveniment amb \u00e8xit.<\/p>[\/et_pb_text][et_pb_button button_text=&#8221;Contacta&#8217;ns&#8221; _builder_version=&#8221;4.26.1&#8243; _module_preset=&#8221;default&#8221; custom_button=&#8221;on&#8221; button_text_color=&#8221;#FFFFFF&#8221; button_bg_color=&#8221;gcid-e166c69c-1fb0-4c6d-99bc-82197911a75f&#8221; button_border_width=&#8221;0px&#8221; custom_padding=&#8221;10px|40px|10px|40px|false|false&#8221; hover_enabled=&#8221;0&#8243; global_colors_info=&#8221;{%22gcid-e166c69c-1fb0-4c6d-99bc-82197911a75f%22:%91%22button_bg_color%22%93}&#8221; button_url=&#8221;@ET-DC@eyJkeW5hbWljIjp0cnVlLCJjb250ZW50IjoicG9zdF9saW5rX3VybF9wYWdlIiwic2V0dGluZ3MiOnsicG9zdF9pZCI6IjE3OCJ9fQ==@&#8221; _dynamic_attributes=&#8221;button_url&#8221; sticky_enabled=&#8221;0&#8243;][\/et_pb_button][\/et_pb_column][\/et_pb_row][\/et_pb_section]\n","protected":false},"excerpt":{"rendered":"<p>Descobreix com podem ajudar-te a transformar la teva empresa mitjan\u00e7ant les nostres xerrades, masterclass i sessions de mentoria en \u00e0rees clau com la Intel\u00b7lig\u00e8ncia Artificial, Consultoria Digital, M\u00e0rqueting i Creaci\u00f3 de Nous Llocs de Treball. Amb experi\u00e8ncia i tarifes ajustades, Artic Agency t&#8217;acompanya cap a un futur m\u00e9s innovador i ben connectat.<\/p>\n","protected":false},"author":2,"featured_media":34160,"parent":0,"menu_order":0,"comment_status":"closed","ping_status":"closed","template":"","meta":{"_et_pb_use_builder":"on","_et_pb_old_content":"","_et_gb_content_width":"","inline_featured_image":false,"_uag_custom_page_level_css":"","footnotes":""},"class_list":["post-34156","page","type-page","status-publish","has-post-thumbnail","hentry"],"uagb_featured_image_src":{"full":["https:\/\/articagency.cat\/wp-content\/uploads\/2024\/07\/artic-agency-conferencia.jpeg",1440,978,false],"thumbnail":["https:\/\/articagency.cat\/wp-content\/uploads\/2024\/07\/artic-agency-conferencia-150x150.jpeg",150,150,true],"medium":["https:\/\/articagency.cat\/wp-content\/uploads\/2024\/07\/artic-agency-conferencia-300x204.jpeg",300,204,true],"medium_large":["https:\/\/articagency.cat\/wp-content\/uploads\/2024\/07\/artic-agency-conferencia-768x522.jpeg",768,522,true],"large":["https:\/\/articagency.cat\/wp-content\/uploads\/2024\/07\/artic-agency-conferencia-1024x695.jpeg",1024,695,true],"1536x1536":["https:\/\/articagency.cat\/wp-content\/uploads\/2024\/07\/artic-agency-conferencia.jpeg",1440,978,false],"2048x2048":["https:\/\/articagency.cat\/wp-content\/uploads\/2024\/07\/artic-agency-conferencia.jpeg",1440,978,false],"trp-custom-language-flag":["https:\/\/articagency.cat\/wp-content\/uploads\/2024\/07\/artic-agency-conferencia-18x12.jpeg",18,12,true],"et-pb-post-main-image":["https:\/\/articagency.cat\/wp-content\/uploads\/2024\/07\/artic-agency-conferencia-400x250.jpeg",400,250,true],"et-pb-post-main-image-fullwidth":["https:\/\/articagency.cat\/wp-content\/uploads\/2024\/07\/artic-agency-conferencia-1080x675.jpeg",1080,675,true],"et-pb-portfolio-image":["https:\/\/articagency.cat\/wp-content\/uploads\/2024\/07\/artic-agency-conferencia-400x284.jpeg",400,284,true],"et-pb-portfolio-module-image":["https:\/\/articagency.cat\/wp-content\/uploads\/2024\/07\/artic-agency-conferencia-510x382.jpeg",510,382,true],"et-pb-portfolio-image-single":["https:\/\/articagency.cat\/wp-content\/uploads\/2024\/07\/artic-agency-conferencia-1080x734.jpeg",1080,734,true],"et-pb-gallery-module-image-portrait":["https:\/\/articagency.cat\/wp-content\/uploads\/2024\/07\/artic-agency-conferencia-400x516.jpeg",400,516,true],"et-pb-post-main-image-fullwidth-large":["https:\/\/articagency.cat\/wp-content\/uploads\/2024\/07\/artic-agency-conferencia.jpeg",1440,978,false],"et-pb-image--responsive--desktop":["https:\/\/articagency.cat\/wp-content\/uploads\/2024\/07\/artic-agency-conferencia-1280x869.jpeg",1061,720,true],"et-pb-image--responsive--tablet":["https:\/\/articagency.cat\/wp-content\/uploads\/2024\/07\/artic-agency-conferencia-980x666.jpeg",811,551,true],"et-pb-image--responsive--phone":["https:\/\/articagency.cat\/wp-content\/uploads\/2024\/07\/artic-agency-conferencia-480x326.jpeg",398,270,true]},"uagb_author_info":{"display_name":"Francesc Beumala Suri\u00e0","author_link":"https:\/\/articagency.cat\/ca\/author\/francesc\/"},"uagb_comment_info":0,"uagb_excerpt":"Descobreix com podem ajudar-te a transformar la teva empresa mitjan\u00e7ant les nostres xerrades, masterclass i sessions de mentoria en \u00e0rees clau com la Intel\u00b7lig\u00e8ncia Artificial, Consultoria Digital, M\u00e0rqueting i Creaci\u00f3 de Nous Llocs de Treball. Amb experi\u00e8ncia i tarifes ajustades, Artic Agency t'acompanya cap a un futur m\u00e9s innovador i ben connectat.","_links":{"self":[{"href":"https:\/\/articagency.cat\/ca\/wp-json\/wp\/v2\/pages\/34156","targetHints":{"allow":["GET"]}}],"collection":[{"href":"https:\/\/articagency.cat\/ca\/wp-json\/wp\/v2\/pages"}],"about":[{"href":"https:\/\/articagency.cat\/ca\/wp-json\/wp\/v2\/types\/page"}],"author":[{"embeddable":true,"href":"https:\/\/articagency.cat\/ca\/wp-json\/wp\/v2\/users\/2"}],"replies":[{"embeddable":true,"href":"https:\/\/articagency.cat\/ca\/wp-json\/wp\/v2\/comments?post=34156"}],"version-history":[{"count":4,"href":"https:\/\/articagency.cat\/ca\/wp-json\/wp\/v2\/pages\/34156\/revisions"}],"predecessor-version":[{"id":34165,"href":"https:\/\/articagency.cat\/ca\/wp-json\/wp\/v2\/pages\/34156\/revisions\/34165"}],"wp:featuredmedia":[{"embeddable":true,"href":"https:\/\/articagency.cat\/ca\/wp-json\/wp\/v2\/media\/34160"}],"wp:attachment":[{"href":"https:\/\/articagency.cat\/ca\/wp-json\/wp\/v2\/media?parent=34156"}],"curies":[{"name":"wp","href":"https:\/\/api.w.org\/{rel}","templated":true}]}}