{"id":1890,"date":"2022-11-11T13:35:49","date_gmt":"2022-11-11T12:35:49","guid":{"rendered":"https:\/\/articagency.cat\/?page_id=1890"},"modified":"2023-06-14T15:12:37","modified_gmt":"2023-06-14T14:12:37","slug":"disseny-web-responsive","status":"publish","type":"page","link":"https:\/\/articagency.cat\/ca\/disseny-web-responsive\/","title":{"rendered":"Disseny web responsive"},"content":{"rendered":"<p>[et_pb_section fb_built=&#8221;1&#8243; fullwidth=&#8221;on&#8221; admin_label=&#8221;Header&#8221; _builder_version=&#8221;4.18.0&#8243; background_color=&#8221;RGBA(255,255,255,0)&#8221; background_image=&#8221;https:\/\/articagency.cat\/wp-content\/uploads\/2022\/09\/posicionamiento-web-catalunya-1320&#215;563.jpg&#8221; background_size=&#8221;initial&#8221; background_position=&#8221;top_right&#8221; background_horizontal_offset=&#8221;11%&#8221; height=&#8221;515px&#8221; custom_margin=&#8221;0px||0px||false|false&#8221; custom_padding=&#8221;0px||0px||false|false&#8221; bottom_divider_color=&#8221;#00b7a4&#8243; animation_style=&#8221;fade&#8221; background_last_edited=&#8221;on|phone&#8221; background_size_phone=&#8221;contain&#8221; background_horizontal_offset_phone=&#8221;5%&#8221; background_vertical_offset_phone=&#8221;41%&#8221; border_color_top=&#8221;#00b7a4&#8243; border_color_bottom=&#8221;#00b7a4&#8243; global_colors_info=&#8221;{}&#8221;][et_pb_fullwidth_header title=&#8221;Disseny Web Responsive&#8221; subhead=&#8221;DISSENYEM LA VOSTRA WEB PER ACONSEGUIR EL M\u00c0XIM DE VISITES I CONVERSIONS AMB UN DISSENY ATRACTIU&#8221; button_one_text=&#8221;Demana un pressupost gratu\u00eft&#8221; button_one_url=&#8221;#contactar&#8221; button_two_url=&#8221;#com-ho-fem&#8221; content_max_width=&#8221;640px&#8221; _builder_version=&#8221;4.21.0&#8243; title_font=&#8221;|900|||||||&#8221; title_font_size=&#8221;40px&#8221; title_line_height=&#8221;1.5em&#8221; content_font=&#8221;||||||||&#8221; content_font_size=&#8221;16px&#8221; content_line_height=&#8221;2em&#8221; subhead_font=&#8221;|700||on|||||&#8221; subhead_text_color=&#8221;#000000&#8243; subhead_font_size=&#8221;14px&#8221; subhead_letter_spacing=&#8221;2px&#8221; subhead_line_height=&#8221;1.7em&#8221; background_enable_color=&#8221;off&#8221; background_enable_mask_style=&#8221;on&#8221; background_mask_style=&#8221;bean&#8221; background_mask_color=&#8221;#00b7a4&#8243; background_mask_size=&#8221;cover&#8221; custom_button_one=&#8221;on&#8221; button_one_text_size=&#8221;14px&#8221; button_one_text_color=&#8221;#ffffff&#8221; button_one_bg_color=&#8221;#ffc861&#8243; button_one_border_width=&#8221;14px&#8221; button_one_border_color=&#8221;rgba(0,0,0,0)&#8221; button_one_border_radius=&#8221;0px&#8221; button_one_letter_spacing=&#8221;2px&#8221; button_one_font=&#8221;|600||on|||||&#8221; button_one_icon=&#8221;&#x24;||divi||400&#8243; button_one_custom_margin=&#8221;56px||||false|false&#8221; custom_button_two=&#8221;on&#8221; button_two_text_size=&#8221;14px&#8221; button_two_text_color=&#8221;#0054ff&#8221; button_two_bg_color=&#8221;rgba(255,255,255,0)&#8221; button_two_border_width=&#8221;12px&#8221; button_two_border_color=&#8221;rgba(0,0,0,0)&#8221; button_two_border_radius=&#8221;0px&#8221; button_two_letter_spacing=&#8221;2px&#8221; button_two_font=&#8221;|600||on|||||&#8221; button_two_icon=&#8221;&#x39;||divi||400&#8243; button_two_on_hover=&#8221;off&#8221; background_layout=&#8221;light&#8221; height=&#8221;100%&#8221; custom_margin=&#8221;0px||||false|false&#8221; custom_padding=&#8221;145px||||false|false&#8221; animation_style=&#8221;zoom&#8221; animation_intensity_zoom=&#8221;-5%&#8221; title_font_size_tablet=&#8221;&#8221; title_font_size_phone=&#8221;25px&#8221; title_font_size_last_edited=&#8221;on|desktop&#8221; button_one_text_size_tablet=&#8221;14px&#8221; button_one_text_size_phone=&#8221;10px&#8221; button_one_text_size_last_edited=&#8221;on|phone&#8221; button_one_letter_spacing_tablet=&#8221;2px&#8221; button_one_letter_spacing_phone=&#8221;1px&#8221; button_one_letter_spacing_last_edited=&#8221;on|phone&#8221; box_shadow_style_button_one=&#8221;preset3&#8243; box_shadow_style_button_two=&#8221;preset1&#8243; box_shadow_vertical_button_two=&#8221;0px&#8221; box_shadow_blur_button_two=&#8221;0px&#8221; box_shadow_spread_button_two=&#8221;2px&#8221; box_shadow_color_button_two=&#8221;#0054ff&#8221; button_one_letter_spacing_hover=&#8221;2px&#8221; button_two_letter_spacing_hover=&#8221;2px&#8221; global_colors_info=&#8221;{}&#8221; button_one_text_size__hover_enabled=&#8221;off&#8221; button_two_text_size__hover_enabled=&#8221;off&#8221; button_one_text_color__hover_enabled=&#8221;off&#8221; button_two_text_color__hover_enabled=&#8221;off&#8221; button_one_border_width__hover_enabled=&#8221;off&#8221; button_two_border_width__hover_enabled=&#8221;off&#8221; button_one_border_color__hover_enabled=&#8221;off&#8221; button_two_border_color__hover_enabled=&#8221;off&#8221; button_one_border_radius__hover_enabled=&#8221;off&#8221; button_two_border_radius__hover_enabled=&#8221;off&#8221; button_one_letter_spacing__hover_enabled=&#8221;on|desktop&#8221; button_one_letter_spacing__hover=&#8221;2px&#8221; button_two_letter_spacing__hover_enabled=&#8221;on&#8221; button_two_letter_spacing__hover=&#8221;2px&#8221; button_one_bg_color__hover_enabled=&#8221;on|hover&#8221; button_two_bg_color__hover_enabled=&#8221;off&#8221; button_one_bg_color__hover=&#8221;#ffb835&#8243; button_one_bg_enable_color__hover=&#8221;on&#8221;][\/et_pb_fullwidth_header][\/et_pb_section][et_pb_section fb_built=&#8221;1&#8243; admin_label=&#8221;Services&#8221; _builder_version=&#8221;4.16&#8243; custom_padding=&#8221;94px||31px|||&#8221; global_colors_info=&#8221;{}&#8221;][et_pb_row _builder_version=&#8221;4.16&#8243; custom_padding=&#8221;|||&#8221; global_colors_info=&#8221;{}&#8221;][et_pb_column type=&#8221;4_4&#8243; _builder_version=&#8221;4.16&#8243; custom_padding=&#8221;|||&#8221; global_colors_info=&#8221;{}&#8221; custom_padding__hover=&#8221;|||&#8221;][et_pb_text _builder_version=&#8221;4.21.0&#8243; text_font=&#8221;||||||||&#8221; header_font=&#8221;|700|||||||&#8221; header_text_align=&#8221;left&#8221; header_font_size=&#8221;45px&#8221; header_2_font=&#8221;|||on|||||&#8221; header_2_text_color=&#8221;#000000&#8243; header_2_letter_spacing=&#8221;3px&#8221; header_2_line_height=&#8221;1.8em&#8221; header_3_font=&#8221;|700|||||||&#8221; header_3_text_align=&#8221;left&#8221; header_3_text_color=&#8221;#00b7a4&#8243; text_orientation=&#8221;center&#8221; global_colors_info=&#8221;{}&#8221;]<\/p>\n<h2>Disseny Web Responsive<\/h2>\n<h3>Descobreix com Artic Agency pot impulsar la teva pres\u00e8ncia en l\u00ednia amb llocs web personalitzats i adaptatius per a tot tipus de dispositius.<\/h3>\n<p>[\/et_pb_text][\/et_pb_column][\/et_pb_row][et_pb_row column_structure=&#8221;1_2,1_2&#8243; _builder_version=&#8221;4.20.4&#8243; global_colors_info=&#8221;{}&#8221;][et_pb_column type=&#8221;1_2&#8243; _builder_version=&#8221;4.16&#8243; custom_padding=&#8221;|||&#8221; global_colors_info=&#8221;{}&#8221; custom_padding__hover=&#8221;|||&#8221;][et_pb_text _builder_version=&#8221;4.21.0&#8243; text_font=&#8221;||||||||&#8221; text_line_height=&#8221;2em&#8221; header_font=&#8221;||||||||&#8221; header_3_font=&#8221;Lato|700|||||||&#8221; header_3_line_height=&#8221;1.4em&#8221; text_orientation=&#8221;justified&#8221; animation_style=&#8221;slide&#8221; animation_direction=&#8221;left&#8221; animation_duration=&#8221;1500ms&#8221; animation_delay=&#8221;400ms&#8221; animation_intensity_slide=&#8221;5%&#8221; global_colors_info=&#8221;{}&#8221;]<\/p>\n<p>En el m\u00f3n digital actual, l&#8217;experi\u00e8ncia de l&#8217;usuari \u00e9s fonamental per a l&#8217;<strong>\u00e8xit de qualsevol negoci<\/strong> en l\u00ednia. La capacitat d&#8217;adaptar-se a diferents dispositius i navegadors \u00e9s <strong>crucial per arribar a una audi\u00e8ncia<\/strong> \u00e0mplia i diversa. A Artic Agency, entenem la import\u00e0ncia d&#8217;un disseny web <strong>responsiu i acurat,<\/strong> i ens esforcem per proporcionar <strong>solucions a mida<\/strong> per als nostres clients.<\/p>\n<p>[\/et_pb_text][\/et_pb_column][et_pb_column type=&#8221;1_2&#8243; _builder_version=&#8221;4.16&#8243; custom_padding=&#8221;|||&#8221; global_colors_info=&#8221;{}&#8221; custom_padding__hover=&#8221;|||&#8221;][et_pb_text _builder_version=&#8221;4.21.0&#8243; text_font=&#8221;||||||||&#8221; text_line_height=&#8221;2em&#8221; header_font=&#8221;||||||||&#8221; header_3_font=&#8221;Lato|700|||||||&#8221; header_3_line_height=&#8221;1.4em&#8221; text_orientation=&#8221;justified&#8221; animation_style=&#8221;slide&#8221; animation_direction=&#8221;right&#8221; animation_duration=&#8221;1500ms&#8221; animation_delay=&#8221;400ms&#8221; animation_intensity_slide=&#8221;5%&#8221; locked=&#8221;off&#8221; global_colors_info=&#8221;{}&#8221;]<\/p>\n<p>Una web responsiva \u00e9s essencial per a l&#8217;\u00e8xit del teu negoci en l\u00ednia, ja que proporciona una <strong>experi\u00e8ncia d&#8217;usuari millorada<\/strong>, augmenta la visibilitat en els motors de cerca, <strong>redueix la taxa de rebots,<\/strong> facilita el manteniment i estalvia temps i costos de desenvolupament.<\/p>\n<p>Un lloc web responsiu assegura que els visitants que utilitzen dispositius m\u00f2bils tinguin una <strong>experi\u00e8ncia positiva i estiguin m\u00e9s disposats a tornar<\/strong>.<\/p>\n<p>[\/et_pb_text][\/et_pb_column][\/et_pb_row][\/et_pb_section][et_pb_section fb_built=&#8221;1&#8243; _builder_version=&#8221;4.18.0&#8243; _module_preset=&#8221;default&#8221; background_enable_mask_style=&#8221;on&#8221; background_mask_style=&#8221;corner-lake&#8221; background_mask_color=&#8221;#edf1f4&#8243; custom_padding=&#8221;24px|||||&#8221; global_colors_info=&#8221;{}&#8221;][et_pb_row _builder_version=&#8221;4.18.0&#8243; _module_preset=&#8221;default&#8221; global_colors_info=&#8221;{}&#8221;][et_pb_column type=&#8221;4_4&#8243; _builder_version=&#8221;4.18.0&#8243; _module_preset=&#8221;default&#8221; global_colors_info=&#8221;{}&#8221;][et_pb_text _builder_version=&#8221;4.21.0&#8243; _module_preset=&#8221;default&#8221; text_font=&#8221;|700|||||||&#8221; text_text_color=&#8221;#000000&#8243; text_font_size=&#8221;45px&#8221; text_line_height=&#8221;1.71em&#8221; global_colors_info=&#8221;{}&#8221;]<\/p>\n<p>El que fem nosaltres<\/p>\n<p>[\/et_pb_text][\/et_pb_column][\/et_pb_row][et_pb_row _builder_version=&#8221;4.18.0&#8243; _module_preset=&#8221;default&#8221; global_colors_info=&#8221;{}&#8221;][et_pb_column type=&#8221;4_4&#8243; _builder_version=&#8221;4.18.0&#8243; _module_preset=&#8221;default&#8221; global_colors_info=&#8221;{}&#8221;][et_pb_image src=&#8221;https:\/\/articagency.cat\/wp-content\/uploads\/2022\/09\/el-que-fem-nosaltres.jpg&#8221; alt=&#8221;posicionament web&#8221; title_text=&#8221;posicionament web&#8221; _builder_version=&#8221;4.18.0&#8243; _module_preset=&#8221;default&#8221; border_color_all=&#8221;#00b7a4&#8243; box_shadow_style=&#8221;preset3&#8243; global_colors_info=&#8221;{}&#8221;][\/et_pb_image][et_pb_text _builder_version=&#8221;4.21.0&#8243; _module_preset=&#8221;default&#8221; text_font=&#8221;||||||||&#8221; text_text_color=&#8221;#666666&#8243; text_font_size=&#8221;20px&#8221; custom_margin=&#8221;54px|||||&#8221; global_colors_info=&#8221;{}&#8221;]<\/p>\n<p>Per qu\u00e8 ens esforcem a crear <strong>web responsives?<\/strong><\/p>\n<p>[\/et_pb_text][\/et_pb_column][\/et_pb_row][et_pb_row column_structure=&#8221;1_5,1_5,1_5,1_5,1_5&#8243; _builder_version=&#8221;4.18.0&#8243; _module_preset=&#8221;default&#8221; global_colors_info=&#8221;{}&#8221;][et_pb_column type=&#8221;1_5&#8243; _builder_version=&#8221;4.18.0&#8243; _module_preset=&#8221;default&#8221; global_colors_info=&#8221;{}&#8221;][et_pb_image src=&#8221;https:\/\/articagency.cat\/wp-content\/uploads\/2022\/09\/SEO.png&#8221; title_text=&#8221;SEO&#8221; _builder_version=&#8221;4.18.0&#8243; width=&#8221;60px&#8221; module_alignment=&#8221;center&#8221; animation_style=&#8221;slide&#8221; animation_direction=&#8221;bottom&#8221; animation_intensity_slide=&#8221;30%&#8221; always_center_on_mobile=&#8221;off&#8221; global_colors_info=&#8221;{}&#8221;][\/et_pb_image][et_pb_blurb title=&#8221;Experi\u00e8ncia d&#8217;usuari millorada&#8221; _builder_version=&#8221;4.21.0&#8243; header_font=&#8221;|700||on|||||&#8221; header_font_size=&#8221;12px&#8221; header_letter_spacing=&#8221;3px&#8221; header_line_height=&#8221;1.4em&#8221; body_font=&#8221;||||||||&#8221; body_text_align=&#8221;justify&#8221; body_line_height=&#8221;1.8em&#8221; animation=&#8221;off&#8221; global_colors_info=&#8221;{}&#8221;]<\/p>\n<p>Una web responsiva s&#8217;adapta autm\u00e0ticament a la mida de pantalla de qualsevol dispositiu, proporcionant una ecperi\u00e8ncia d&#8217;usuari m\u00e9s agradable i coherent augmentant la navegaci\u00f3 i la interacci\u00f3 amb el contingut i la satisfacci\u00f3 dels usuaris.<\/p>\n<p>[\/et_pb_blurb][\/et_pb_column][et_pb_column type=&#8221;1_5&#8243; _builder_version=&#8221;4.18.0&#8243; _module_preset=&#8221;default&#8221; global_colors_info=&#8221;{}&#8221;][et_pb_image src=&#8221;https:\/\/articagency.cat\/wp-content\/uploads\/2022\/09\/seo-informes.svg&#8221; title_text=&#8221;seo-informes&#8221; _builder_version=&#8221;4.18.0&#8243; width=&#8221;60px&#8221; module_alignment=&#8221;center&#8221; animation_style=&#8221;slide&#8221; animation_direction=&#8221;bottom&#8221; animation_delay=&#8221;100ms&#8221; animation_intensity_slide=&#8221;30%&#8221; always_center_on_mobile=&#8221;off&#8221; locked=&#8221;off&#8221; global_colors_info=&#8221;{}&#8221;][\/et_pb_image][et_pb_blurb title=&#8221;Augment del tr\u00e0nsit m\u00f2bil: &#8221; _builder_version=&#8221;4.21.0&#8243; header_font=&#8221;|700||on|||||&#8221; header_font_size=&#8221;12px&#8221; header_letter_spacing=&#8221;3px&#8221; header_line_height=&#8221;1.4em&#8221; body_font=&#8221;||||||||&#8221; body_text_align=&#8221;justify&#8221; body_line_height=&#8221;1.8em&#8221; animation=&#8221;off&#8221; locked=&#8221;off&#8221; global_colors_info=&#8221;{}&#8221;]<\/p>\n<p>Amb l&#8217;augment constant d&#8217;usuaris que accedeixen a Internet des dels seus dispositius m\u00f2bils, \u00e9s crucial que el teu lloc web estigui <strong>preparat per a aquesta tend\u00e8ncia.\u00a0<\/strong><\/p>\n<p>[\/et_pb_blurb][\/et_pb_column][et_pb_column type=&#8221;1_5&#8243; _builder_version=&#8221;4.18.0&#8243; _module_preset=&#8221;default&#8221; global_colors_info=&#8221;{}&#8221;][et_pb_image src=&#8221;https:\/\/articagency.cat\/wp-content\/uploads\/2022\/09\/SEO-links-2.png&#8221; title_text=&#8221;SEO-links-2&#8243; _builder_version=&#8221;4.18.0&#8243; width=&#8221;35%&#8221; module_alignment=&#8221;center&#8221; animation_style=&#8221;slide&#8221; animation_direction=&#8221;bottom&#8221; animation_delay=&#8221;300ms&#8221; animation_intensity_slide=&#8221;30%&#8221; always_center_on_mobile=&#8221;off&#8221; locked=&#8221;off&#8221; global_colors_info=&#8221;{}&#8221;][\/et_pb_image][et_pb_blurb title=&#8221;Millor posici\u00f3 en motors de cerca&#8221; _builder_version=&#8221;4.21.0&#8243; header_font=&#8221;|700||on|||||&#8221; header_font_size=&#8221;12px&#8221; header_letter_spacing=&#8221;3px&#8221; header_line_height=&#8221;1.4em&#8221; body_font=&#8221;||||||||&#8221; body_text_align=&#8221;justify&#8221; body_line_height=&#8221;1.8em&#8221; animation=&#8221;off&#8221; locked=&#8221;off&#8221; global_colors_info=&#8221;{}&#8221;]<\/p>\n<p>Google i altres motors de cerca <strong>premien les p\u00e0gines web responsives<\/strong> en els seus resultats de cerca. Un lloc web responsiu tindr\u00e0 una <strong>classificaci\u00f3 m\u00e9s alta<\/strong> en les p\u00e0gines (SERP), augmentant la teva visibilitat en l\u00ednia i atraient <strong>m\u00e9s tr\u00e0nsit<\/strong> al teu lloc web.<\/p>\n<p>[\/et_pb_blurb][\/et_pb_column][et_pb_column type=&#8221;1_5&#8243; _builder_version=&#8221;4.18.0&#8243; _module_preset=&#8221;default&#8221; global_colors_info=&#8221;{}&#8221;][et_pb_image src=&#8221;https:\/\/articagency.cat\/wp-content\/uploads\/2022\/09\/seo-paraules-clau.png&#8221; title_text=&#8221;seo-paraules-clau&#8221; _builder_version=&#8221;4.18.0&#8243; width=&#8221;60px&#8221; module_alignment=&#8221;center&#8221; animation_style=&#8221;slide&#8221; animation_direction=&#8221;bottom&#8221; animation_delay=&#8221;100ms&#8221; animation_intensity_slide=&#8221;30%&#8221; always_center_on_mobile=&#8221;off&#8221; locked=&#8221;off&#8221; global_colors_info=&#8221;{}&#8221;][\/et_pb_image][et_pb_blurb title=&#8221;Reducci\u00f3 de la taxa de rebots&#8221; _builder_version=&#8221;4.21.0&#8243; header_font=&#8221;|700||on|||||&#8221; header_font_size=&#8221;12px&#8221; header_letter_spacing=&#8221;3px&#8221; header_line_height=&#8221;1.4em&#8221; body_font=&#8221;||||||||&#8221; body_text_align=&#8221;justify&#8221; body_line_height=&#8221;1.8em&#8221; animation=&#8221;off&#8221; locked=&#8221;off&#8221; global_colors_info=&#8221;{}&#8221;]<\/p>\n<p>Si el teu lloc web <strong>no s&#8217;adapta<\/strong> b\u00e9 als diferents dispositius, \u00e9s probable que els <strong>visitants abandonin<\/strong> r\u00e0pidament la p\u00e0gina. Una web responsiva redueix la taxa de rebots, ja que els usuaris poden navegar c\u00f2modament pel teu lloc, independentment del dispositiu que utilitzin.<\/p>\n<p>[\/et_pb_blurb][\/et_pb_column][et_pb_column type=&#8221;1_5&#8243; _builder_version=&#8221;4.18.0&#8243; _module_preset=&#8221;default&#8221; global_colors_info=&#8221;{}&#8221;][et_pb_image src=&#8221;https:\/\/articagency.cat\/wp-content\/uploads\/2022\/09\/seo-page-1.png&#8221; title_text=&#8221;seo-page&#8221; _builder_version=&#8221;4.18.0&#8243; width=&#8221;60px&#8221; module_alignment=&#8221;center&#8221; animation_style=&#8221;slide&#8221; animation_direction=&#8221;bottom&#8221; animation_delay=&#8221;100ms&#8221; animation_intensity_slide=&#8221;30%&#8221; always_center_on_mobile=&#8221;off&#8221; locked=&#8221;off&#8221; global_colors_info=&#8221;{}&#8221;][\/et_pb_image][et_pb_blurb title=&#8221;Manteniment m\u00e9s senzill&#8221; _builder_version=&#8221;4.21.0&#8243; header_font=&#8221;|700||on|||||&#8221; header_font_size=&#8221;12px&#8221; header_letter_spacing=&#8221;3px&#8221; header_line_height=&#8221;1.4em&#8221; body_font=&#8221;||||||||&#8221; body_text_align=&#8221;justify&#8221; body_line_height=&#8221;1.8em&#8221; animation=&#8221;off&#8221; locked=&#8221;off&#8221; global_colors_info=&#8221;{}&#8221;]<\/p>\n<p>Un lloc web responsiu utilitza un \u00fanic conjunt de codi per a tots els dispositius, cosa que fa que sigui <strong>m\u00e9s f\u00e0cil d&#8217;actualitzar i mantenir.<\/strong> Aix\u00f2 redueix el temps i l&#8217;esfor\u00e7 necessaris per gestionar el teu lloc web.<\/p>\n<p>[\/et_pb_blurb][\/et_pb_column][\/et_pb_row][\/et_pb_section][et_pb_section fb_built=&#8221;1&#8243; _builder_version=&#8221;4.18.0&#8243; _module_preset=&#8221;default&#8221; background_enable_mask_style=&#8221;on&#8221; background_mask_style=&#8221;bean&#8221; background_mask_color=&#8221;#edf1f4&#8243; background_mask_size=&#8221;cover&#8221; global_colors_info=&#8221;{}&#8221;][et_pb_row column_structure=&#8221;3_5,2_5&#8243; make_equal=&#8221;on&#8221; padding_top_bottom_link_1=&#8221;true&#8221; padding_top_bottom_link_2=&#8221;false&#8221; _builder_version=&#8221;4.18.0&#8243; custom_margin=&#8221;40px||80px||false&#8221; custom_padding=&#8221;0|0px|0|0px|true|false&#8221; animation_style=&#8221;slide&#8221; animation_direction=&#8221;right&#8221; animation_intensity_slide=&#8221;1%&#8221; global_colors_info=&#8221;{}&#8221;][et_pb_column type=&#8221;3_5&#8243; _builder_version=&#8221;4.18.0&#8243; custom_padding=&#8221;60px||60px|&#8221; global_colors_info=&#8221;{}&#8221; custom_padding__hover=&#8221;|||&#8221;][et_pb_image src=&#8221;https:\/\/articagency.cat\/wp-content\/uploads\/2022\/09\/posicionamiento-web-seo-sem-catalunya.png&#8221; alt=&#8221;posicionamiento web seo sem catalunya&#8221; title_text=&#8221;posicionamiento-web-seo-sem-catalunya&#8221; align_tablet=&#8221;center&#8221; align_phone=&#8221;&#8221; align_last_edited=&#8221;on|desktop&#8221; _builder_version=&#8221;4.18.0&#8243; custom_margin=&#8221;|||-20%&#8221; custom_margin_tablet=&#8221;|||-10%&#8221; custom_margin_phone=&#8221;|||&#8221; custom_margin_last_edited=&#8221;on|phone&#8221; animation_style=&#8221;slide&#8221; animation_direction=&#8221;left&#8221; animation_duration=&#8221;1700ms&#8221; animation_delay=&#8221;450ms&#8221; animation_intensity_slide=&#8221;5%&#8221; locked=&#8221;off&#8221; global_colors_info=&#8221;{}&#8221;][\/et_pb_image][\/et_pb_column][et_pb_column type=&#8221;2_5&#8243; _builder_version=&#8221;4.16&#8243; custom_padding=&#8221;80px||40px|&#8221; custom_padding_tablet=&#8221;0px|||&#8221; custom_padding_phone=&#8221;&#8221; custom_padding_last_edited=&#8221;on|desktop&#8221; global_colors_info=&#8221;{}&#8221; padding_tablet=&#8221;0px|||&#8221; padding_last_edited=&#8221;on|desktop&#8221; custom_padding__hover=&#8221;|||&#8221; padding_phone=&#8221;0px|||&#8221;][et_pb_text _builder_version=&#8221;4.21.0&#8243; text_font=&#8221;||||||||&#8221; text_line_height=&#8221;2em&#8221; link_text_color=&#8221;#ffb835&#8243; header_font=&#8221;||||||||&#8221; header_3_font=&#8221;Archivo|700|||||||&#8221; header_3_font_size=&#8221;35px&#8221; header_3_line_height=&#8221;1.5em&#8221; header_4_font=&#8221;Lato|700||on|||||&#8221; header_4_text_color=&#8221;rgba(12,12,12,0.27)&#8221; header_4_font_size=&#8221;13px&#8221; header_4_letter_spacing=&#8221;3px&#8221; header_4_line_height=&#8221;1.8em&#8221; hover_enabled=&#8221;0&#8243; header_3_font_size_tablet=&#8221;&#8221; header_3_font_size_phone=&#8221;25px&#8221; header_3_font_size_last_edited=&#8221;on|phone&#8221; locked=&#8221;off&#8221; global_colors_info=&#8221;{}&#8221; link_option_url=&#8221;#contactar&#8221; sticky_enabled=&#8221;0&#8243;]<\/p>\n<h2>Qu\u00e8 comporta el desenvolupament web responsiu?<\/h2>\n<p>&nbsp;<\/p>\n<p>El desenvolupament web responsiu \u00e9s un enfocament de disseny i programaci\u00f3 que fa que un lloc web s&#8217;adapti i es visualitzi correctament en diferents dispositius i mides de pantalla.<\/p>\n<p>El desenvolupament web responsiu tamb\u00e9 implica l&#8217;optimitzaci\u00f3 del rendiment del lloc web, com ara la reducci\u00f3 del pes dels arxius i la minimitzaci\u00f3 de les sol\u00b7licituds HTTP. Aix\u00f2 \u00e9s especialment important per als dispositius m\u00f2bils, que poden tenir connexions a Internet m\u00e9s lentes o dades limitades.<\/p>\n<p>&nbsp;<\/p>\n<h2>Tens problemes de disseny web responsive amb la teva web actual?<\/h2>\n<p>&nbsp;<\/p>\n<p>A Artic Agency podem ajudar-te a solucionar-ho, reserva una assessoria gratu\u00efta.<\/p>\n<p>[\/et_pb_text][et_pb_button button_text=&#8221;CONTACTA AMB NOSALTRES&#8221; _builder_version=&#8221;4.21.0&#8243; _module_preset=&#8221;default&#8221; button_url=&#8221;#contactar&#8221; button_alignment=&#8221;center&#8221; background_layout=&#8221;dark&#8221; custom_button=&#8221;on&#8221; button_text_size=&#8221;14px&#8221; button_bg_color=&#8221;#ffc861&#8243; button_bg_enable_color=&#8221;on&#8221; hover_enabled=&#8221;0&#8243; sticky_enabled=&#8221;0&#8243; button_border_color=&#8221;#ffc861&#8243; button_font=&#8221;|700||on|||||&#8221; button_icon=&#8221;&#x24;||divi||400&#8243; custom_margin=&#8221;50px||||false|false&#8221; box_shadow_style=&#8221;preset3&#8243; animation_style=&#8221;slide&#8221; animation_direction=&#8221;top&#8221;][\/et_pb_button][\/et_pb_column][\/et_pb_row][\/et_pb_section]<\/p>\n","protected":false},"excerpt":{"rendered":"<p>Disseny Web Responsive Descobreix com Artic Agency pot impulsar la teva pres\u00e8ncia en l\u00ednia amb llocs web personalitzats i adaptatius per a tot tipus de dispositius.En el m\u00f3n digital actual, l&#8217;experi\u00e8ncia de l&#8217;usuari \u00e9s fonamental per a l&#8217;\u00e8xit de qualsevol negoci en l\u00ednia. La capacitat d&#8217;adaptar-se a diferents dispositius i navegadors \u00e9s crucial per arribar [&hellip;]<\/p>\n","protected":false},"author":2,"featured_media":0,"parent":0,"menu_order":0,"comment_status":"closed","ping_status":"closed","template":"","meta":{"_et_pb_use_builder":"on","_et_pb_old_content":"","_et_gb_content_width":"","inline_featured_image":false,"_uag_custom_page_level_css":"","footnotes":""},"class_list":["post-1890","page","type-page","status-publish","hentry"],"uagb_featured_image_src":{"full":false,"thumbnail":false,"medium":false,"medium_large":false,"large":false,"1536x1536":false,"2048x2048":false,"trp-custom-language-flag":false,"et-pb-post-main-image":false,"et-pb-post-main-image-fullwidth":false,"et-pb-portfolio-image":false,"et-pb-portfolio-module-image":false,"et-pb-portfolio-image-single":false,"et-pb-gallery-module-image-portrait":false,"et-pb-post-main-image-fullwidth-large":false,"et-pb-image--responsive--desktop":false,"et-pb-image--responsive--tablet":false,"et-pb-image--responsive--phone":false},"uagb_author_info":{"display_name":"Francesc Beumala Suri\u00e0","author_link":"https:\/\/articagency.cat\/ca\/author\/francesc\/"},"uagb_comment_info":0,"uagb_excerpt":"Disseny Web Responsive Descobreix com Artic Agency pot impulsar la teva pres\u00e8ncia en l\u00ednia amb llocs web personalitzats i adaptatius per a tot tipus de dispositius.En el m\u00f3n digital actual, l'experi\u00e8ncia de l'usuari \u00e9s fonamental per a l'\u00e8xit de qualsevol negoci en l\u00ednia. La capacitat d'adaptar-se a diferents dispositius i navegadors \u00e9s crucial per arribar&hellip;","_links":{"self":[{"href":"https:\/\/articagency.cat\/ca\/wp-json\/wp\/v2\/pages\/1890","targetHints":{"allow":["GET"]}}],"collection":[{"href":"https:\/\/articagency.cat\/ca\/wp-json\/wp\/v2\/pages"}],"about":[{"href":"https:\/\/articagency.cat\/ca\/wp-json\/wp\/v2\/types\/page"}],"author":[{"embeddable":true,"href":"https:\/\/articagency.cat\/ca\/wp-json\/wp\/v2\/users\/2"}],"replies":[{"embeddable":true,"href":"https:\/\/articagency.cat\/ca\/wp-json\/wp\/v2\/comments?post=1890"}],"version-history":[{"count":5,"href":"https:\/\/articagency.cat\/ca\/wp-json\/wp\/v2\/pages\/1890\/revisions"}],"predecessor-version":[{"id":33528,"href":"https:\/\/articagency.cat\/ca\/wp-json\/wp\/v2\/pages\/1890\/revisions\/33528"}],"wp:attachment":[{"href":"https:\/\/articagency.cat\/ca\/wp-json\/wp\/v2\/media?parent=1890"}],"curies":[{"name":"wp","href":"https:\/\/api.w.org\/{rel}","templated":true}]}}