{"id":1792,"date":"2022-09-29T14:59:48","date_gmt":"2022-09-29T13:59:48","guid":{"rendered":"https:\/\/articagency.cat\/?page_id=1792"},"modified":"2023-06-14T14:25:58","modified_gmt":"2023-06-14T13:25:58","slug":"generacio-de-contingut-i-blogging","status":"publish","type":"page","link":"https:\/\/articagency.cat\/ca\/generacio-de-contingut-i-blogging\/","title":{"rendered":"Generaci\u00f3 de contingut i Blogging"},"content":{"rendered":"<p>[et_pb_section fb_built=&#8221;1&#8243; fullwidth=&#8221;on&#8221; admin_label=&#8221;Header&#8221; _builder_version=&#8221;4.18.0&#8243; _dynamic_attributes=&#8221;background_image&#8221; background_color=&#8221;RGBA(255,255,255,0)&#8221; background_image=&#8221;@ET-DC@eyJkeW5hbWljIjp0cnVlLCJjb250ZW50IjoicG9zdF9mZWF0dXJlZF9pbWFnZSIsInNldHRpbmdzIjp7fX0=@&#8221; background_size=&#8221;custom&#8221; background_image_width=&#8221;53%&#8221; background_image_height=&#8221;100%&#8221; background_position=&#8221;center_right&#8221; background_horizontal_offset=&#8221;27%&#8221; height=&#8221;515px&#8221; custom_margin=&#8221;0px||0px||false|false&#8221; custom_padding=&#8221;0px||0px||false|false&#8221; bottom_divider_color=&#8221;#00b7a4&#8243; animation_style=&#8221;fade&#8221; background_last_edited=&#8221;on|phone&#8221; background_size_phone=&#8221;contain&#8221; background_horizontal_offset_phone=&#8221;5%&#8221; background_vertical_offset_phone=&#8221;41%&#8221; border_color_top=&#8221;#00b7a4&#8243; border_color_bottom=&#8221;#00b7a4&#8243; global_colors_info=&#8221;{}&#8221;][et_pb_fullwidth_header title=&#8221;Generaci\u00f3 de contingut&#8221; subhead=&#8221;Copywriting, blogging i contingut adaptat al SEO&#8221; button_one_text=&#8221;Demana un pressupost gratu\u00eft&#8221; button_one_url=&#8221;#contactar&#8221; button_two_url=&#8221;#com-ho-fem&#8221; content_max_width=&#8221;640px&#8221; _builder_version=&#8221;4.21.0&#8243; title_font=&#8221;|900|||||||&#8221; title_text_color=&#8221;#000000&#8243; title_font_size=&#8221;40px&#8221; title_line_height=&#8221;1.5em&#8221; content_font=&#8221;||||||||&#8221; content_font_size=&#8221;16px&#8221; content_line_height=&#8221;2em&#8221; subhead_font=&#8221;|700||on|||||&#8221; subhead_text_color=&#8221;#333333&#8243; subhead_font_size=&#8221;14px&#8221; subhead_letter_spacing=&#8221;2px&#8221; subhead_line_height=&#8221;1.7em&#8221; background_color=&#8221;rgba(255,255,255,0.54)&#8221; background_enable_mask_style=&#8221;on&#8221; background_mask_style=&#8221;bean&#8221; background_mask_color=&#8221;#00b7a4&#8243; background_mask_size=&#8221;cover&#8221; custom_button_one=&#8221;on&#8221; button_one_text_size=&#8221;14px&#8221; button_one_text_color=&#8221;#ffffff&#8221; button_one_bg_color=&#8221;#ffb835&#8243; button_one_border_width=&#8221;14px&#8221; button_one_border_color=&#8221;rgba(0,0,0,0)&#8221; button_one_border_radius=&#8221;0px&#8221; button_one_letter_spacing=&#8221;2px&#8221; button_one_font=&#8221;|600||on|||||&#8221; button_one_icon=&#8221;&#x24;||divi||400&#8243; button_one_custom_margin=&#8221;56px||||false|false&#8221; custom_button_two=&#8221;on&#8221; button_two_text_size=&#8221;14px&#8221; button_two_text_color=&#8221;#0054ff&#8221; button_two_bg_color=&#8221;rgba(255,255,255,0)&#8221; button_two_border_width=&#8221;12px&#8221; button_two_border_color=&#8221;rgba(0,0,0,0)&#8221; button_two_border_radius=&#8221;0px&#8221; button_two_letter_spacing=&#8221;2px&#8221; button_two_font=&#8221;|600||on|||||&#8221; button_two_icon=&#8221;&#x39;||divi||400&#8243; button_two_on_hover=&#8221;off&#8221; background_layout=&#8221;light&#8221; height=&#8221;100%&#8221; custom_margin=&#8221;0px||||false|false&#8221; custom_padding=&#8221;145px||||false|false&#8221; animation_style=&#8221;zoom&#8221; animation_intensity_zoom=&#8221;-5%&#8221; title_text_color_tablet=&#8221;#000000&#8243; title_text_color_phone=&#8221;#FFFFFF&#8221; title_text_color_last_edited=&#8221;on|desktop&#8221; title_font_size_tablet=&#8221;&#8221; title_font_size_phone=&#8221;25px&#8221; title_font_size_last_edited=&#8221;on|desktop&#8221; subhead_text_color_tablet=&#8221;#666666&#8243; subhead_text_color_phone=&#8221;#FFFFFF&#8221; subhead_text_color_last_edited=&#8221;on|desktop&#8221; background_color_phone=&#8221;rgba(0,0,0,0.51)&#8221; background_last_edited=&#8221;on|desktop&#8221; background_enable_color_phone=&#8221;on&#8221; background_enable_mask_style_phone=&#8221;off&#8221; background_mask_size_phone=&#8221;cover&#8221; button_one_text_size_tablet=&#8221;14px&#8221; button_one_text_size_phone=&#8221;10px&#8221; button_one_text_size_last_edited=&#8221;on|phone&#8221; button_one_letter_spacing_tablet=&#8221;2px&#8221; button_one_letter_spacing_phone=&#8221;1px&#8221; button_one_letter_spacing_last_edited=&#8221;on|phone&#8221; custom_css_button_1=&#8221;animation: floating 4s ease-in-out infinite;&#8221; box_shadow_style_button_one=&#8221;preset3&#8243; box_shadow_style_button_two=&#8221;preset1&#8243; box_shadow_vertical_button_two=&#8221;0px&#8221; box_shadow_blur_button_two=&#8221;0px&#8221; box_shadow_spread_button_two=&#8221;2px&#8221; box_shadow_color_button_two=&#8221;#0054ff&#8221; button_one_letter_spacing_hover=&#8221;2px&#8221; button_two_letter_spacing_hover=&#8221;2px&#8221; global_colors_info=&#8221;{}&#8221; button_one_text_size__hover_enabled=&#8221;off&#8221; button_two_text_size__hover_enabled=&#8221;off&#8221; button_one_text_color__hover_enabled=&#8221;off&#8221; button_two_text_color__hover_enabled=&#8221;off&#8221; button_one_border_width__hover_enabled=&#8221;off&#8221; button_two_border_width__hover_enabled=&#8221;off&#8221; button_one_border_color__hover_enabled=&#8221;off&#8221; button_two_border_color__hover_enabled=&#8221;off&#8221; button_one_border_radius__hover_enabled=&#8221;off&#8221; button_two_border_radius__hover_enabled=&#8221;off&#8221; button_one_letter_spacing__hover_enabled=&#8221;on|desktop&#8221; button_one_letter_spacing__hover=&#8221;2px&#8221; button_two_letter_spacing__hover_enabled=&#8221;on&#8221; button_two_letter_spacing__hover=&#8221;2px&#8221; button_one_bg_color__hover_enabled=&#8221;on|hover&#8221; button_two_bg_color__hover_enabled=&#8221;off&#8221; button_one_bg_color__hover=&#8221;#ffb835&#8243; button_one_bg_enable_color__hover=&#8221;on&#8221;][\/et_pb_fullwidth_header][\/et_pb_section][et_pb_section fb_built=&#8221;1&#8243; admin_label=&#8221;Services&#8221; _builder_version=&#8221;4.18.0&#8243; background_color=&#8221;#edf1f4&#8243; background_enable_mask_style=&#8221;on&#8221; background_mask_style=&#8221;ellipse&#8221; background_mask_transform=&#8221;invert&#8221; background_mask_size=&#8221;custom&#8221; background_mask_width=&#8221;110%&#8221; background_mask_height=&#8221;0%&#8221; background_mask_position=&#8221;center_left&#8221; background_mask_horizontal_offset=&#8221;-139px&#8221; custom_padding=&#8221;94px||31px|||&#8221; global_colors_info=&#8221;{}&#8221;][et_pb_row _builder_version=&#8221;4.16&#8243; custom_padding=&#8221;|||&#8221; global_colors_info=&#8221;{}&#8221;][et_pb_column type=&#8221;4_4&#8243; _builder_version=&#8221;4.16&#8243; custom_padding=&#8221;|||&#8221; global_colors_info=&#8221;{}&#8221; custom_padding__hover=&#8221;|||&#8221;][et_pb_text content_last_edited=&#8221;off|desktop&#8221; _builder_version=&#8221;4.21.0&#8243; text_font=&#8221;||||||||&#8221; header_font=&#8221;|700|||||||&#8221; header_text_align=&#8221;left&#8221; header_font_size=&#8221;45px&#8221; header_2_font=&#8221;|600|||||||&#8221; header_2_text_color=&#8221;#000000&#8243; header_2_letter_spacing=&#8221;3px&#8221; header_2_line_height=&#8221;1.8em&#8221; header_3_font=&#8221;|700|||||||&#8221; header_3_text_align=&#8221;justify&#8221; header_3_text_color=&#8221;#00b7a4&#8243; header_3_line_height=&#8221;1.5em&#8221; text_orientation=&#8221;center&#8221; hover_enabled=&#8221;0&#8243; header_font_size_tablet=&#8221;45px&#8221; header_font_size_phone=&#8221;30px&#8221; header_font_size_last_edited=&#8221;on|phone&#8221; header_3_font_size_tablet=&#8221;&#8221; header_3_font_size_phone=&#8221;15px&#8221; header_3_font_size_last_edited=&#8221;on|phone&#8221; global_colors_info=&#8221;{}&#8221; sticky_enabled=&#8221;0&#8243;]<\/p>\n<h2>Creem i escrivim contingut adaptat al SEO i al CRO<\/h2>\n<h3>Un bon contingut de text \u00e9s imprescindible per a una bona web. Saber escriure i explicar els serveis i productes que s&#8217;ofereixen \u00e9s indispensable<\/h3>\n<p>[\/et_pb_text][\/et_pb_column][\/et_pb_row][et_pb_row column_structure=&#8221;1_2,1_2&#8243; _builder_version=&#8221;4.16&#8243; global_colors_info=&#8221;{}&#8221;][et_pb_column type=&#8221;1_2&#8243; _builder_version=&#8221;4.16&#8243; custom_padding=&#8221;|||&#8221; global_colors_info=&#8221;{}&#8221; custom_padding__hover=&#8221;|||&#8221;][et_pb_text _builder_version=&#8221;4.21.0&#8243; text_font=&#8221;||||||||&#8221; text_line_height=&#8221;2em&#8221; header_font=&#8221;||||||||&#8221; header_3_font=&#8221;Lato|700|||||||&#8221; header_3_line_height=&#8221;1.4em&#8221; text_orientation=&#8221;justified&#8221; animation_style=&#8221;slide&#8221; animation_direction=&#8221;left&#8221; animation_duration=&#8221;1500ms&#8221; animation_delay=&#8221;400ms&#8221; animation_intensity_slide=&#8221;5%&#8221; global_colors_info=&#8221;{}&#8221;]<\/p>\n<p>Els continguts <strong>s\u00f3n la clau de l&#8217;\u00e8xit d&#8217;una web<\/strong>. Els usuaris exigeixen continguts actualitzats i d&#8217;inter\u00e8s, i si no els troben, salten a un altre web amb extrema facilitat. Disposar de bons continguts en quantitat i qualitat <strong>ens aportar\u00e0 millor imatge de marca<\/strong>, enlla\u00e7os de webs de tercers, material \u00fatil que podrem reutilitzar, recomanacions i boca a orella dels nostres visitants. A m\u00e9s, s\u00f3n essencials per a <strong>un bon posicionament org\u00e0nic en cercadors<\/strong>. \u00c9s impossible plantejar-se fer <a href=\"https:\/\/articagency.cat\/posicionament-web\/\">SEO<\/a> sense una generaci\u00f3 peri\u00f2dica de continguts de qualitat.<\/p>\n<p>[\/et_pb_text][\/et_pb_column][et_pb_column type=&#8221;1_2&#8243; _builder_version=&#8221;4.16&#8243; custom_padding=&#8221;|||&#8221; global_colors_info=&#8221;{}&#8221; custom_padding__hover=&#8221;|||&#8221;][et_pb_text _builder_version=&#8221;4.21.0&#8243; text_font=&#8221;||||||||&#8221; text_line_height=&#8221;2em&#8221; header_font=&#8221;||||||||&#8221; header_3_font=&#8221;Lato|700|||||||&#8221; header_3_line_height=&#8221;1.4em&#8221; text_orientation=&#8221;justified&#8221; animation_style=&#8221;slide&#8221; animation_direction=&#8221;right&#8221; animation_duration=&#8221;1500ms&#8221; animation_delay=&#8221;400ms&#8221; animation_intensity_slide=&#8221;5%&#8221; locked=&#8221;off&#8221; global_colors_info=&#8221;{}&#8221;]<\/p>\n<p>L&#8217;objectiu del <strong>m\u00e0rqueting de continguts<\/strong> \u00e9s augmentar l&#8217;autoritat d&#8217;una marca i maximitzar-ne l&#8217;exposici\u00f3 a clients potencials. La creaci\u00f3 de peces de contingut informatiu valuoses per a ells far\u00e0 que <strong>la vostra marca generi confian\u00e7a<\/strong> i, amb el temps, es converteixi en una autoritat al vostre sector. Mitjan\u00e7ant aquesta activitat, a m\u00e9s, aconseguireu que els clients potencials us donin les vostres dades de contacte per obtenir m\u00e9s informaci\u00f3 i<strong> rebre ofertes de valor<\/strong>.<\/p>\n<p>[\/et_pb_text][\/et_pb_column][\/et_pb_row][\/et_pb_section][et_pb_section fb_built=&#8221;1&#8243; admin_label=&#8221;Packages&#8221; _builder_version=&#8221;4.18.0&#8243; background_last_edited=&#8221;on|phone&#8221; background_mask_size_phone=&#8221;cover&#8221; global_colors_info=&#8221;{}&#8221;][et_pb_row column_structure=&#8221;2_5,3_5&#8243; make_equal=&#8221;on&#8221; padding_top_bottom_link_1=&#8221;false&#8221; padding_top_bottom_link_2=&#8221;true&#8221; _builder_version=&#8221;4.18.0&#8243; custom_margin=&#8221;40px||80px||false&#8221; custom_padding=&#8221;0|0px|0|0px|true|false&#8221; animation_style=&#8221;slide&#8221; animation_direction=&#8221;left&#8221; animation_intensity_slide=&#8221;1%&#8221; global_colors_info=&#8221;{}&#8221;][et_pb_column type=&#8221;2_5&#8243; _builder_version=&#8221;4.18.0&#8243; custom_padding=&#8221;80px||40px|&#8221; custom_padding_tablet=&#8221;0px|||&#8221; custom_padding_phone=&#8221;&#8221; custom_padding_last_edited=&#8221;on|tablet&#8221; global_colors_info=&#8221;{}&#8221; padding_tablet=&#8221;0px|||&#8221; padding_last_edited=&#8221;on|tablet&#8221; custom_padding__hover=&#8221;|||&#8221; padding_phone=&#8221;0px|||&#8221;][et_pb_text _builder_version=&#8221;4.21.0&#8243; text_font=&#8221;||||||||&#8221; text_line_height=&#8221;2em&#8221; header_font=&#8221;||||||||&#8221; header_3_font=&#8221;|900|||||||&#8221; header_3_font_size=&#8221;35px&#8221; header_3_line_height=&#8221;1.5em&#8221; header_4_font=&#8221;Open Sans|700||on|||||&#8221; header_4_text_color=&#8221;rgba(12,12,12,0.27)&#8221; header_4_font_size=&#8221;13px&#8221; header_4_letter_spacing=&#8221;3px&#8221; header_4_line_height=&#8221;1.8em&#8221; header_3_font_size_tablet=&#8221;&#8221; header_3_font_size_phone=&#8221;25px&#8221; header_3_font_size_last_edited=&#8221;on|desktop&#8221; global_colors_info=&#8221;{}&#8221;]<\/p>\n<h3>Qu\u00e8 aporta la generaci\u00f3 de continguts?<\/h3>\n<p>Busquem crear bons escrits perqu\u00e8 <strong>es comparteixin els vostres continguts<\/strong> i incrementin la visibilitat de la vostra marca. I que quan aquests clients potencials estiguin disposats a comprar, tinguin una predisposici\u00f3 positiva <strong>cap a les ofertes de la vostra companyia<\/strong>. Haureu establert una relaci\u00f3 que no nom\u00e9s atraur\u00e0 els clients, sin\u00f3 que us ajudar\u00e0 a retenir-los.<\/p>\n<p>Prestant la deguda atenci\u00f3 a la <strong>generaci\u00f3 de continguts de valor<\/strong>, i sincronitzant els continguts amb el SEO, aconseguirem: m\u00e9s visites, m\u00e9s fidelitzaci\u00f3 dels visitants, viralitat i m\u00e9s conversi\u00f3 a venda.<\/p>\n<p>[\/et_pb_text][\/et_pb_column][et_pb_column type=&#8221;3_5&#8243; _builder_version=&#8221;4.18.0&#8243; custom_padding=&#8221;60px||60px|&#8221; global_colors_info=&#8221;{}&#8221; custom_padding__hover=&#8221;|||&#8221;][et_pb_image src=&#8221;https:\/\/articagency.cat\/wp-content\/uploads\/2022\/09\/com-gestionem-ads-2.svg&#8221; alt=&#8221;campanyes google ads facebook&#8221; title_text=&#8221;com-gestionem-ads&#8221; align_tablet=&#8221;center&#8221; align_phone=&#8221;&#8221; align_last_edited=&#8221;on|desktop&#8221; _builder_version=&#8221;4.18.0&#8243; custom_margin=&#8221;|-20%||&#8221; custom_margin_tablet=&#8221;|-10%||&#8221; custom_margin_phone=&#8221;|||&#8221; custom_margin_last_edited=&#8221;on|phone&#8221; animation_style=&#8221;slide&#8221; animation_direction=&#8221;right&#8221; animation_duration=&#8221;1600ms&#8221; animation_delay=&#8221;500ms&#8221; animation_intensity_slide=&#8221;5%&#8221; global_colors_info=&#8221;{}&#8221;][\/et_pb_image][\/et_pb_column][\/et_pb_row][\/et_pb_section][et_pb_section fb_built=&#8221;1&#8243; _builder_version=&#8221;4.18.0&#8243; _module_preset=&#8221;default&#8221; background_enable_mask_style=&#8221;on&#8221; background_mask_style=&#8221;arch&#8221; background_mask_color=&#8221;#edf1f4&#8243; background_mask_transform=&#8221;flip_horizontal&#8221; background_mask_size=&#8221;cover&#8221; global_colors_info=&#8221;{}&#8221;][et_pb_row column_structure=&#8221;3_5,2_5&#8243; make_equal=&#8221;on&#8221; padding_top_bottom_link_1=&#8221;true&#8221; padding_top_bottom_link_2=&#8221;false&#8221; _builder_version=&#8221;4.18.0&#8243; custom_margin=&#8221;40px||80px||false&#8221; custom_padding=&#8221;0|0px|0|0px|true|false&#8221; animation_style=&#8221;slide&#8221; animation_direction=&#8221;right&#8221; animation_intensity_slide=&#8221;1%&#8221; global_colors_info=&#8221;{}&#8221;][et_pb_column type=&#8221;3_5&#8243; _builder_version=&#8221;4.18.0&#8243; custom_padding=&#8221;135px||60px||false|false&#8221; global_colors_info=&#8221;{}&#8221; custom_padding__hover=&#8221;|||&#8221;][et_pb_image src=&#8221;https:\/\/articagency.cat\/wp-content\/uploads\/2022\/09\/on-dirigim-5.svg&#8221; alt=&#8221;gestio de google ads i facebook ads&#8221; title_text=&#8221;on-dirigim&#8221; align_tablet=&#8221;center&#8221; align_phone=&#8221;&#8221; align_last_edited=&#8221;on|desktop&#8221; _builder_version=&#8221;4.18.0&#8243; custom_margin=&#8221;|||-20%&#8221; custom_margin_tablet=&#8221;|||-10%&#8221; custom_margin_phone=&#8221;|||&#8221; custom_margin_last_edited=&#8221;on|phone&#8221; animation_style=&#8221;slide&#8221; animation_direction=&#8221;left&#8221; animation_duration=&#8221;1700ms&#8221; animation_delay=&#8221;450ms&#8221; animation_intensity_slide=&#8221;5%&#8221; locked=&#8221;off&#8221; global_colors_info=&#8221;{}&#8221;][\/et_pb_image][\/et_pb_column][et_pb_column type=&#8221;2_5&#8243; _builder_version=&#8221;4.16&#8243; custom_padding=&#8221;80px||40px|&#8221; custom_padding_tablet=&#8221;0px|||&#8221; custom_padding_phone=&#8221;&#8221; custom_padding_last_edited=&#8221;on|desktop&#8221; global_colors_info=&#8221;{}&#8221; padding_tablet=&#8221;0px|||&#8221; padding_last_edited=&#8221;on|desktop&#8221; custom_padding__hover=&#8221;|||&#8221; padding_phone=&#8221;0px|||&#8221;][et_pb_text _builder_version=&#8221;4.21.0&#8243; text_font=&#8221;||||||||&#8221; text_line_height=&#8221;2em&#8221; link_text_color=&#8221;#ffb835&#8243; header_font=&#8221;||||||||&#8221; header_3_font=&#8221;|700|||||||&#8221; header_3_font_size=&#8221;35px&#8221; header_3_line_height=&#8221;1.5em&#8221; header_4_font=&#8221;Lato|700||on|||||&#8221; header_4_text_color=&#8221;rgba(12,12,12,0.27)&#8221; header_4_font_size=&#8221;13px&#8221; header_4_letter_spacing=&#8221;3px&#8221; header_4_line_height=&#8221;1.8em&#8221; header_3_font_size_tablet=&#8221;&#8221; header_3_font_size_phone=&#8221;25px&#8221; header_3_font_size_last_edited=&#8221;on|phone&#8221; locked=&#8221;off&#8221; global_colors_info=&#8221;{}&#8221;]<\/p>\n<h3>La creaci\u00f3 de continguts \u00e9s necess\u00e0ria<\/h3>\n<p>L\u2019equip d\u2019Artic Agency s&#8217;integra al proc\u00e9s de creaci\u00f3 de continguts per <strong>orientar-los a la conversi\u00f3<\/strong>. Habitualment, treballem sota una f\u00f3rmula mixta en qu\u00e8 part dels continguts <strong>s\u00f3n generats per nosaltres<\/strong> i part per l&#8217;equip del client. Aconseguim que el proc\u00e9s sigui f\u00e0cil i eficient.<\/p>\n<p><strong>Ning\u00fa coneix el negoci millor que vosaltres mateixos<\/strong> i la millor formula \u00e9s ensenyar-vos com escriure correctament els vostres textos, per\u00f2 si no \u00e9s possible, nosaltres ens encarreguem de tot, i un cop tenim tota la vostra informaci\u00f3, comencem en la <strong>creaci\u00f3 de bons continguts<\/strong> per a les vostres webs, xarxes i campanyes.<\/p>\n<p>[\/et_pb_text][\/et_pb_column][\/et_pb_row][\/et_pb_section]<\/p>\n","protected":false},"excerpt":{"rendered":"<p>Creem i escrivim contingut adaptat al SEO i al CRO Un bon contingut de text \u00e9s imprescindible per a una bona web. Saber escriure i explicar els serveis i productes que s&#8217;ofereixen \u00e9s indispensableEls continguts s\u00f3n la clau de l&#8217;\u00e8xit d&#8217;una web. Els usuaris exigeixen continguts actualitzats i d&#8217;inter\u00e8s, i si no els troben, salten [&hellip;]<\/p>\n","protected":false},"author":2,"featured_media":1751,"parent":0,"menu_order":0,"comment_status":"closed","ping_status":"closed","template":"","meta":{"_et_pb_use_builder":"on","_et_pb_old_content":"","_et_gb_content_width":"","inline_featured_image":false,"_uag_custom_page_level_css":"","footnotes":""},"class_list":["post-1792","page","type-page","status-publish","has-post-thumbnail","hentry"],"uagb_featured_image_src":{"full":["https:\/\/articagency.cat\/wp-content\/uploads\/2022\/09\/web-sencilla.svg",3300,2200,false],"thumbnail":["https:\/\/articagency.cat\/wp-content\/uploads\/2022\/09\/web-sencilla.svg",150,100,true],"medium":["https:\/\/articagency.cat\/wp-content\/uploads\/2022\/09\/web-sencilla.svg",300,200,true],"medium_large":["https:\/\/articagency.cat\/wp-content\/uploads\/2022\/09\/web-sencilla.svg",768,512,true],"large":["https:\/\/articagency.cat\/wp-content\/uploads\/2022\/09\/web-sencilla.svg",1024,683,true],"1536x1536":["https:\/\/articagency.cat\/wp-content\/uploads\/2022\/09\/web-sencilla.svg",1536,1024,true],"2048x2048":["https:\/\/articagency.cat\/wp-content\/uploads\/2022\/09\/web-sencilla.svg",2048,1365,true],"trp-custom-language-flag":["https:\/\/articagency.cat\/wp-content\/uploads\/2022\/09\/web-sencilla.svg",18,12,true],"et-pb-post-main-image":["https:\/\/articagency.cat\/wp-content\/uploads\/2022\/09\/web-sencilla.svg",375,250,true],"et-pb-post-main-image-fullwidth":["https:\/\/articagency.cat\/wp-content\/uploads\/2022\/09\/web-sencilla.svg",1013,675,true],"et-pb-portfolio-image":["https:\/\/articagency.cat\/wp-content\/uploads\/2022\/09\/web-sencilla.svg",400,267,true],"et-pb-portfolio-module-image":["https:\/\/articagency.cat\/wp-content\/uploads\/2022\/09\/web-sencilla.svg",510,340,true],"et-pb-portfolio-image-single":["https:\/\/articagency.cat\/wp-content\/uploads\/2022\/09\/web-sencilla.svg",1080,720,true],"et-pb-gallery-module-image-portrait":["https:\/\/articagency.cat\/wp-content\/uploads\/2022\/09\/web-sencilla.svg",400,267,true],"et-pb-post-main-image-fullwidth-large":["https:\/\/articagency.cat\/wp-content\/uploads\/2022\/09\/web-sencilla.svg",2700,1800,true],"et-pb-image--responsive--desktop":["https:\/\/articagency.cat\/wp-content\/uploads\/2022\/09\/web-sencilla.svg",1080,720,true],"et-pb-image--responsive--tablet":["https:\/\/articagency.cat\/wp-content\/uploads\/2022\/09\/web-sencilla.svg",827,551,true],"et-pb-image--responsive--phone":["https:\/\/articagency.cat\/wp-content\/uploads\/2022\/09\/web-sencilla.svg",405,270,true]},"uagb_author_info":{"display_name":"Francesc Beumala Suri\u00e0","author_link":"https:\/\/articagency.cat\/ca\/author\/francesc\/"},"uagb_comment_info":0,"uagb_excerpt":"Creem i escrivim contingut adaptat al SEO i al CRO Un bon contingut de text \u00e9s imprescindible per a una bona web. Saber escriure i explicar els serveis i productes que s'ofereixen \u00e9s indispensableEls continguts s\u00f3n la clau de l'\u00e8xit d'una web. Els usuaris exigeixen continguts actualitzats i d'inter\u00e8s, i si no els troben, salten&hellip;","_links":{"self":[{"href":"https:\/\/articagency.cat\/ca\/wp-json\/wp\/v2\/pages\/1792","targetHints":{"allow":["GET"]}}],"collection":[{"href":"https:\/\/articagency.cat\/ca\/wp-json\/wp\/v2\/pages"}],"about":[{"href":"https:\/\/articagency.cat\/ca\/wp-json\/wp\/v2\/types\/page"}],"author":[{"embeddable":true,"href":"https:\/\/articagency.cat\/ca\/wp-json\/wp\/v2\/users\/2"}],"replies":[{"embeddable":true,"href":"https:\/\/articagency.cat\/ca\/wp-json\/wp\/v2\/comments?post=1792"}],"version-history":[{"count":5,"href":"https:\/\/articagency.cat\/ca\/wp-json\/wp\/v2\/pages\/1792\/revisions"}],"predecessor-version":[{"id":33509,"href":"https:\/\/articagency.cat\/ca\/wp-json\/wp\/v2\/pages\/1792\/revisions\/33509"}],"wp:featuredmedia":[{"embeddable":true,"href":"https:\/\/articagency.cat\/ca\/wp-json\/wp\/v2\/media\/1751"}],"wp:attachment":[{"href":"https:\/\/articagency.cat\/ca\/wp-json\/wp\/v2\/media?parent=1792"}],"curies":[{"name":"wp","href":"https:\/\/api.w.org\/{rel}","templated":true}]}}