{"id":178,"date":"2022-07-21T13:06:04","date_gmt":"2022-07-21T13:06:04","guid":{"rendered":"https:\/\/articagency.cat\/?page_id=178"},"modified":"2025-04-18T22:07:23","modified_gmt":"2025-04-18T21:07:23","slug":"contacte","status":"publish","type":"page","link":"https:\/\/articagency.cat\/ca\/contacte\/","title":{"rendered":"Contacte"},"content":{"rendered":"<p>[et_pb_section fb_built=&#8221;1&#8243; admin_label=&#8221;Header&#8221; _builder_version=&#8221;4.16&#8243; _module_preset=&#8221;default&#8221; background_color_gradient_direction=&#8221;90deg&#8221; global_colors_info=&#8221;{%22gcid-431bd12a-5227-4536-9132-2528c0596703%22:%91%93}&#8221;][et_pb_row _builder_version=&#8221;4.16&#8243; _module_preset=&#8221;default&#8221; global_colors_info=&#8221;{}&#8221;][et_pb_column type=&#8221;4_4&#8243; _builder_version=&#8221;4.16&#8243; _module_preset=&#8221;default&#8221; global_colors_info=&#8221;{}&#8221;][et_pb_text _builder_version=&#8221;4.20.4&#8243; _module_preset=&#8221;b0bf5418-994a-43d1-aef8-7d7c6764119d&#8221; header_font=&#8221;|800|||||||&#8221; header_text_color=&#8221;#000000&#8243; header_font_size=&#8221;80px&#8221; header_letter_spacing=&#8221;1px&#8221; header_line_height=&#8221;1.2em&#8221; custom_margin=&#8221;||8px||false|false&#8221; header_font_size_tablet=&#8221;40px&#8221; header_font_size_phone=&#8221;24px&#8221; header_font_size_last_edited=&#8221;on|desktop&#8221; locked=&#8221;off&#8221; global_colors_info=&#8221;{}&#8221;]<\/p>\n<h1>Posem-nos en contacte<\/h1>\n<p>[\/et_pb_text][\/et_pb_column][\/et_pb_row][et_pb_row column_structure=&#8221;3_5,2_5&#8243; _builder_version=&#8221;4.16&#8243; _module_preset=&#8221;default&#8221; custom_padding=&#8221;0px|||||&#8221; global_colors_info=&#8221;{}&#8221;][et_pb_column type=&#8221;3_5&#8243; _builder_version=&#8221;4.16&#8243; _module_preset=&#8221;default&#8221; global_colors_info=&#8221;{}&#8221;][et_pb_code _builder_version=&#8221;4.27.4&#8243; _module_preset=&#8221;default&#8221; hover_enabled=&#8221;0&#8243; global_colors_info=&#8221;{}&#8221; sticky_enabled=&#8221;0&#8243;]<script type=\"text\/javascript\" src=\"https:\/\/api.clientify.net\/web-marketing\/superforms\/script\/173389.js\"><\/script>[\/et_pb_code][et_pb_social_media_follow _builder_version=&#8221;4.19.0&#8243; _module_preset=&#8221;default&#8221; text_orientation=&#8221;center&#8221; global_colors_info=&#8221;{}&#8221;][et_pb_social_media_follow_network social_network=&#8221;linkedin&#8221; url=&#8221;https:\/\/www.linkedin.com\/company\/artic-agency\/&#8221; _builder_version=&#8221;4.18.0&#8243; _module_preset=&#8221;default&#8221; background_color=&#8221;#007bb6&#8243; background_enable_color=&#8221;on&#8221; global_colors_info=&#8221;{}&#8221; follow_button=&#8221;off&#8221; url_new_window=&#8221;on&#8221;]linkedin[\/et_pb_social_media_follow_network][et_pb_social_media_follow_network social_network=&#8221;twitter&#8221; url=&#8221;https:\/\/twitter.com\/ArticAgency_com&#8221; _builder_version=&#8221;4.22.2&#8243; _module_preset=&#8221;default&#8221; background_color=&#8221;#000000&#8243; background_enable_color=&#8221;on&#8221; global_colors_info=&#8221;{}&#8221; follow_button=&#8221;off&#8221; url_new_window=&#8221;on&#8221;]twitter[\/et_pb_social_media_follow_network][et_pb_social_media_follow_network social_network=&#8221;instagram&#8221; url=&#8221;https:\/\/www.instagram.com\/articagencycom\/&#8221; _builder_version=&#8221;4.18.0&#8243; _module_preset=&#8221;default&#8221; background_color=&#8221;#ea2c59&#8243; background_enable_color=&#8221;on&#8221; global_colors_info=&#8221;{}&#8221; follow_button=&#8221;off&#8221; url_new_window=&#8221;on&#8221;]instagram[\/et_pb_social_media_follow_network][et_pb_social_media_follow_network social_network=&#8221;facebook&#8221; url=&#8221;https:\/\/www.facebook.com\/articagencycom&#8221; _builder_version=&#8221;4.18.0&#8243; _module_preset=&#8221;default&#8221; background_color=&#8221;#3b5998&#8243; global_colors_info=&#8221;{}&#8221; follow_button=&#8221;off&#8221; url_new_window=&#8221;on&#8221;]facebook[\/et_pb_social_media_follow_network][et_pb_social_media_follow_network social_network=&#8221;whatsapp&#8221; url=&#8221;https:\/\/api.whatsapp.com\/send\/?phone=34641483633&#038;text=Hola+%2AArtic+Agency%2A%21+Volia+demanar+m%C3%A9s+informaci%C3%B3.&#038;type=phone_number&#038;app_absent=0&#8243; _builder_version=&#8221;4.18.0&#8243; _module_preset=&#8221;default&#8221; background_color=&#8221;#25D366&#8243; global_colors_info=&#8221;{}&#8221; follow_button=&#8221;off&#8221; url_new_window=&#8221;on&#8221;]whatsapp[\/et_pb_social_media_follow_network][et_pb_social_media_follow_network social_network=&#8221;telegram&#8221; url=&#8221;https:\/\/t.me\/ArticAgency&#8221; _builder_version=&#8221;4.18.0&#8243; _module_preset=&#8221;default&#8221; background_color=&#8221;#179cde&#8221; global_colors_info=&#8221;{}&#8221; follow_button=&#8221;off&#8221; url_new_window=&#8221;on&#8221;]telegram[\/et_pb_social_media_follow_network][\/et_pb_social_media_follow][\/et_pb_column][et_pb_column type=&#8221;2_5&#8243; _builder_version=&#8221;4.16&#8243; _module_preset=&#8221;default&#8221; global_colors_info=&#8221;{}&#8221;][et_pb_text _builder_version=&#8221;4.23.1&#8243; _module_preset=&#8221;3fc5abb1-35dc-424b-b073-9c70a2f7c68a&#8221; header_font=&#8221;||||||||&#8221; header_4_font=&#8221;|800|||||||&#8221; header_4_text_color=&#8221;#000000&#8243; header_4_line_height=&#8221;1.5em&#8221; custom_margin=&#8221;||0px||false|false&#8221; header_4_font_size_tablet=&#8221;16px&#8221; header_4_font_size_phone=&#8221;14px&#8221; header_4_font_size_last_edited=&#8221;on|desktop&#8221; locked=&#8221;off&#8221; global_colors_info=&#8221;{}&#8221;]<\/p>\n<h4>Suport i informaci\u00f3<\/h4>\n<p>[\/et_pb_text][et_pb_text _builder_version=&#8221;4.23.1&#8243; _module_preset=&#8221;2e1ca0a8-a515-4ca3-8814-65eea4b82393&#8243; text_text_color=&#8221;#000000&#8243; text_line_height=&#8221;2em&#8221; link_text_color=&#8221;#000000&#8243; custom_margin=&#8221;||-1px|||&#8221; locked=&#8221;off&#8221; global_colors_info=&#8221;{}&#8221;]<\/p>\n<p>Tel\u00e8fon i Whatsapp<\/p>\n<p>[\/et_pb_text][et_pb_text _builder_version=&#8221;4.21.0&#8243; _module_preset=&#8221;2e1ca0a8-a515-4ca3-8814-65eea4b82393&#8243; text_font=&#8221;|800|||||||&#8221; text_text_color=&#8221;#000000&#8243; text_font_size=&#8221;40px&#8221; text_line_height=&#8221;1.2em&#8221; custom_margin=&#8221;||-4px|||&#8221; text_font_size_tablet=&#8221;30px&#8221; text_font_size_phone=&#8221;20px&#8221; text_font_size_last_edited=&#8221;on|phone&#8221; locked=&#8221;off&#8221; global_colors_info=&#8221;{}&#8221;]<\/p>\n<p><a href=\"tel:+34810101910\">810 101 910<\/a><\/p>\n<p>[\/et_pb_text][et_pb_text _builder_version=&#8221;4.23.1&#8243; _module_preset=&#8221;2e1ca0a8-a515-4ca3-8814-65eea4b82393&#8243; text_text_color=&#8221;#000000&#8243; text_line_height=&#8221;2em&#8221; link_text_color=&#8221;#000000&#8243; custom_margin=&#8221;||0px|||&#8221; locked=&#8221;off&#8221; global_colors_info=&#8221;{}&#8221;]<\/p>\n<p><em>tel\u00e8fon gratu\u00eft<\/em><\/p>\n<p>[\/et_pb_text][et_pb_text _builder_version=&#8221;4.20.4&#8243; _module_preset=&#8221;3fc5abb1-35dc-424b-b073-9c70a2f7c68a&#8221; header_font=&#8221;||||||||&#8221; header_4_font=&#8221;|800|||||||&#8221; header_4_text_color=&#8221;#000000&#8243; header_4_line_height=&#8221;1.5em&#8221; custom_margin=&#8221;||0px||false|false&#8221; custom_padding=&#8221;20px|||||&#8221; header_4_font_size_tablet=&#8221;16px&#8221; header_4_font_size_phone=&#8221;14px&#8221; header_4_font_size_last_edited=&#8221;on|desktop&#8221; locked=&#8221;off&#8221; global_colors_info=&#8221;{}&#8221;]<\/p>\n<h4>Correu electr\u00f2nic<\/h4>\n<p>[\/et_pb_text][et_pb_text _builder_version=&#8221;4.21.0&#8243; _module_preset=&#8221;2e1ca0a8-a515-4ca3-8814-65eea4b82393&#8243; text_text_color=&#8221;#000000&#8243; text_line_height=&#8221;2em&#8221; link_text_color=&#8221;#000000&#8243; locked=&#8221;off&#8221; global_colors_info=&#8221;{}&#8221;]<\/p>\n<p><a href=\"mailto:info@articagency.cat\">hola@articagency.cat<\/a><\/p>\n<p>[\/et_pb_text][et_pb_text admin_label=&#8221;Text&#8221; _builder_version=&#8221;4.20.4&#8243; _module_preset=&#8221;3fc5abb1-35dc-424b-b073-9c70a2f7c68a&#8221; header_font=&#8221;||||||||&#8221; header_4_font=&#8221;|800|||||||&#8221; header_4_text_color=&#8221;#000000&#8243; header_4_line_height=&#8221;1.5em&#8221; custom_margin=&#8221;||0px||false|false&#8221; header_4_font_size_tablet=&#8221;16px&#8221; header_4_font_size_phone=&#8221;14px&#8221; header_4_font_size_last_edited=&#8221;on|desktop&#8221; locked=&#8221;off&#8221; global_colors_info=&#8221;{}&#8221;]<\/p>\n<h4>Oficines amb cita pr\u00e8via<\/h4>\n<p>[\/et_pb_text][et_pb_text _builder_version=&#8221;4.22.1&#8243; _module_preset=&#8221;2e1ca0a8-a515-4ca3-8814-65eea4b82393&#8243; text_text_color=&#8221;#000000&#8243; text_line_height=&#8221;2em&#8221; locked=&#8221;off&#8221; global_colors_info=&#8221;{}&#8221;]<\/p>\n<p><strong>OFICINA DE BARCELONA<br \/><\/strong><span>Av. Vilafranca del Pened\u00e8s 11B<\/span><br \/><span>08799, Ol\u00e8rdola<\/span><br \/><a target=\"_blank\" rel=\"noopener noreferrer nofollow\" href=\"mailto:barcelona@articagency.cat\">barcelona@articagency.cat<\/a><\/p>\n<p><strong>OFICINA DE MADRID<\/strong><br \/>C. de Salas Barbadillo, 18<br \/>28017 &#8211; Madrid<br \/><a href=\"mailto:madrid@articagency.cat\">madrid@articagency.cat<\/a><\/p>\n<p><strong>OFICINA DE TARRAGONA<\/strong><br \/>C. de Montserrat, 13<br \/>43820 &#8211; Calafell<br \/><a href=\"mailto:tarragona@articagency.cat\">tarragona@articagency.cat<\/a><\/p>\n<p>[\/et_pb_text][\/et_pb_column][\/et_pb_row][\/et_pb_section][et_pb_section fb_built=&#8221;1&#8243; admin_label=&#8221;FAQ&#8221; _builder_version=&#8221;4.16&#8243; _module_preset=&#8221;default&#8221; background_color=&#8221;#f6f7fb&#8221; global_colors_info=&#8221;{%22gcid-866b105d-efc7-49da-8ab1-eb458f147c5d%22:%91%93}&#8221;][et_pb_row _builder_version=&#8221;4.16&#8243; _module_preset=&#8221;default&#8221; global_colors_info=&#8221;{}&#8221;][et_pb_column type=&#8221;4_4&#8243; _builder_version=&#8221;4.16&#8243; _module_preset=&#8221;default&#8221; global_colors_info=&#8221;{}&#8221;][et_pb_text _builder_version=&#8221;4.20.4&#8243; _module_preset=&#8221;c3c1179e-80e4-4396-b700-51b845e1c46f&#8221; header_2_font=&#8221;|800||on|||||&#8221; header_2_text_color=&#8221;#000000&#8243; header_2_font_size=&#8221;40px&#8221; header_2_letter_spacing=&#8221;1px&#8221; header_2_line_height=&#8221;1.2em&#8221; custom_margin=&#8221;||10px||false|false&#8221; header_2_font_size_tablet=&#8221;32px&#8221; header_2_font_size_phone=&#8221;20px&#8221; header_2_font_size_last_edited=&#8221;on|phone&#8221; locked=&#8221;off&#8221; global_colors_info=&#8221;{}&#8221;]<\/p>\n<h2>Faq<\/h2>\n<p>[\/et_pb_text][\/et_pb_column][\/et_pb_row][et_pb_row column_structure=&#8221;1_2,1_2&#8243; _builder_version=&#8221;4.16&#8243; _module_preset=&#8221;default&#8221; custom_padding=&#8221;0px||||false|false&#8221; global_colors_info=&#8221;{}&#8221;][et_pb_column type=&#8221;1_2&#8243; _builder_version=&#8221;4.16&#8243; _module_preset=&#8221;default&#8221; global_colors_info=&#8221;{}&#8221;][et_pb_text _builder_version=&#8221;4.23.1&#8243; _module_preset=&#8221;3fc5abb1-35dc-424b-b073-9c70a2f7c68a&#8221; header_font=&#8221;||||||||&#8221; header_4_font=&#8221;|800|||||||&#8221; header_4_text_color=&#8221;#000000&#8243; header_4_line_height=&#8221;1.5em&#8221; custom_margin=&#8221;||0px||false|false&#8221; header_4_font_size_tablet=&#8221;&#8221; header_4_font_size_phone=&#8221;&#8221; header_4_font_size_last_edited=&#8221;on|phone&#8221; locked=&#8221;off&#8221; global_colors_info=&#8221;{}&#8221;]<\/p>\n<h4>Ateneu per Whatsapp?<\/h4>\n<p>[\/et_pb_text][et_pb_text _builder_version=&#8221;4.18.0&#8243; _module_preset=&#8221;2e1ca0a8-a515-4ca3-8814-65eea4b82393&#8243; text_line_height=&#8221;2em&#8221; locked=&#8221;off&#8221; global_colors_info=&#8221;{}&#8221;]<\/p>\n<p>S\u00ed! El nostre tel\u00e8fon est\u00e0 connectat amb <strong>Whatsapp for Business<\/strong>, i estarem encantats de respondre-us qualsevol consulta i mantenir les converses en qualsevol d&#8217;aquestes dues eines si aix\u00ed ho preferiu.<\/p>\n<p>[\/et_pb_text][et_pb_text _builder_version=&#8221;4.20.4&#8243; _module_preset=&#8221;3fc5abb1-35dc-424b-b073-9c70a2f7c68a&#8221; header_font=&#8221;||||||||&#8221; header_4_font=&#8221;|800|||||||&#8221; header_4_text_color=&#8221;#000000&#8243; header_4_line_height=&#8221;1.5em&#8221; custom_margin=&#8221;||0px||false|false&#8221; header_4_font_size_tablet=&#8221;&#8221; header_4_font_size_phone=&#8221;&#8221; header_4_font_size_last_edited=&#8221;on|phone&#8221; locked=&#8221;off&#8221; global_colors_info=&#8221;{}&#8221;]<\/p>\n<h4>Quin horari feu?<\/h4>\n<p>[\/et_pb_text][et_pb_text _builder_version=&#8221;4.18.0&#8243; _module_preset=&#8221;2e1ca0a8-a515-4ca3-8814-65eea4b82393&#8243; text_line_height=&#8221;2em&#8221; locked=&#8221;off&#8221; global_colors_info=&#8221;{}&#8221;]<\/p>\n<p>El nostre horari comercial \u00e9s de les <strong>8:00 a les 17:00<\/strong>, per\u00f2 podent-nos adaptar a les necessitats del client. Si necessites que fem una reuni\u00f3 o una videotrucada a les 20h, tranquil que ho trobarem i f<strong>arem tot el possible per ajustar-nos als vostres horaris<\/strong>.<\/p>\n<p><strong>L&#8217;horari d&#8217;atenci\u00f3 per email s\u00ed que \u00e9s 24h <\/strong>els 365 dies l&#8217;any, perqu\u00e8 mai se sap quan hi pot haver una emerg\u00e8ncia.<\/p>\n<p>[\/et_pb_text][et_pb_text _builder_version=&#8221;4.20.4&#8243; _module_preset=&#8221;3fc5abb1-35dc-424b-b073-9c70a2f7c68a&#8221; header_font=&#8221;||||||||&#8221; header_4_font=&#8221;|800|||||||&#8221; header_4_text_color=&#8221;#000000&#8243; header_4_line_height=&#8221;1.5em&#8221; custom_margin=&#8221;||0px||false|false&#8221; header_4_font_size_tablet=&#8221;&#8221; header_4_font_size_phone=&#8221;&#8221; header_4_font_size_last_edited=&#8221;on|phone&#8221; locked=&#8221;off&#8221; global_colors_info=&#8221;{}&#8221;]<\/p>\n<h4>Teniu xarxes socials?<\/h4>\n<p>[\/et_pb_text][et_pb_text _builder_version=&#8221;4.18.0&#8243; _module_preset=&#8221;2e1ca0a8-a515-4ca3-8814-65eea4b82393&#8243; text_line_height=&#8221;2em&#8221; locked=&#8221;off&#8221; global_colors_info=&#8221;{}&#8221;]<\/p>\n<p>S\u00ed, tenim i mantenim les nostres p\u00e0gines de <strong>Twitter, Facebook, Linkedin i Instagram<\/strong>. Ens podeu seguir per estar al corrent de les novetats en quant a m\u00e0rketing online i els nostres nous clients.<\/p>\n<p>[\/et_pb_text][\/et_pb_column][et_pb_column type=&#8221;1_2&#8243; _builder_version=&#8221;4.16&#8243; _module_preset=&#8221;default&#8221; global_colors_info=&#8221;{}&#8221;][et_pb_text _builder_version=&#8221;4.20.4&#8243; _module_preset=&#8221;3fc5abb1-35dc-424b-b073-9c70a2f7c68a&#8221; header_font=&#8221;||||||||&#8221; header_4_font=&#8221;|800|||||||&#8221; header_4_text_color=&#8221;#000000&#8243; header_4_line_height=&#8221;1.5em&#8221; custom_margin=&#8221;||0px||false|false&#8221; header_4_font_size_tablet=&#8221;&#8221; header_4_font_size_phone=&#8221;&#8221; header_4_font_size_last_edited=&#8221;on|phone&#8221; locked=&#8221;off&#8221; global_colors_info=&#8221;{}&#8221;]<\/p>\n<h4>En quins idiomes ens podeu atendre?<\/h4>\n<p>[\/et_pb_text][et_pb_text _builder_version=&#8221;4.18.0&#8243; _module_preset=&#8221;2e1ca0a8-a515-4ca3-8814-65eea4b82393&#8243; text_line_height=&#8221;2em&#8221; locked=&#8221;off&#8221; global_colors_info=&#8221;{}&#8221;]<\/p>\n<p>Angl\u00e8s, catal\u00e0, castell\u00e0, franc\u00e8s i rus.<\/p>\n<p>[\/et_pb_text][et_pb_text _builder_version=&#8221;4.20.4&#8243; _module_preset=&#8221;3fc5abb1-35dc-424b-b073-9c70a2f7c68a&#8221; header_font=&#8221;||||||||&#8221; header_4_font=&#8221;|800|||||||&#8221; header_4_text_color=&#8221;#000000&#8243; header_4_line_height=&#8221;1.5em&#8221; custom_margin=&#8221;||0px||false|false&#8221; header_4_font_size_tablet=&#8221;&#8221; header_4_font_size_phone=&#8221;&#8221; header_4_font_size_last_edited=&#8221;on|phone&#8221; locked=&#8221;off&#8221; global_colors_info=&#8221;{}&#8221;]<\/p>\n<h4>Quants anys d&#8217;experi\u00e8ncia teniu?<\/h4>\n<p>[\/et_pb_text][et_pb_text _builder_version=&#8221;4.18.0&#8243; _module_preset=&#8221;2e1ca0a8-a515-4ca3-8814-65eea4b82393&#8243; text_line_height=&#8221;2em&#8221; locked=&#8221;off&#8221; global_colors_info=&#8221;{}&#8221;]<\/p>\n<p>Convinant tots els nostres anys d&#8217;experi\u00e8ncia en el sector online tenim m\u00e9s d&#8217;un segle d&#8217;experi\u00e8ncia treballant en projectes diversos d&#8217;aquesta branca. Es diu aviat!<\/p>\n<p>[\/et_pb_text][et_pb_text _builder_version=&#8221;4.20.4&#8243; _module_preset=&#8221;3fc5abb1-35dc-424b-b073-9c70a2f7c68a&#8221; header_font=&#8221;||||||||&#8221; header_4_font=&#8221;|800|||||||&#8221; header_4_text_color=&#8221;#000000&#8243; header_4_line_height=&#8221;1.5em&#8221; custom_margin=&#8221;||0px||false|false&#8221; header_4_font_size_tablet=&#8221;&#8221; header_4_font_size_phone=&#8221;&#8221; header_4_font_size_last_edited=&#8221;on|phone&#8221; locked=&#8221;off&#8221; global_colors_info=&#8221;{}&#8221;]<\/p>\n<h4>Toqueu moltes coses, per\u00f2 en qu\u00e8 sou m\u00e9s experts?<\/h4>\n<p>[\/et_pb_text][et_pb_text _builder_version=&#8221;4.18.0&#8243; _module_preset=&#8221;2e1ca0a8-a515-4ca3-8814-65eea4b82393&#8243; text_line_height=&#8221;2em&#8221; locked=&#8221;off&#8221; global_colors_info=&#8221;{}&#8221;]<\/p>\n<p>El nostre punt m\u00e9s fort \u00e9s el <a href=\"https:\/\/articagency.cat\/posicionament-web-seo\/\">posicionament web<\/a>, i \u00e9s pel que hem guanyat la major part de clients aix\u00ed com dos premis de Webmaster Searchers. <strong>Ens encanta ajudar a que els clients us trobin abans que la compet\u00e8ncia<\/strong>, \u00e9s un repte que ens apassiona.<\/p>\n<p>[\/et_pb_text][\/et_pb_column][\/et_pb_row][\/et_pb_section][et_pb_section fb_built=&#8221;1&#8243; _builder_version=&#8221;4.19.2&#8243; _module_preset=&#8221;default&#8221; global_colors_info=&#8221;{}&#8221;][et_pb_row _builder_version=&#8221;4.19.2&#8243; _module_preset=&#8221;default&#8221; global_colors_info=&#8221;{}&#8221;][et_pb_column type=&#8221;4_4&#8243; _builder_version=&#8221;4.19.2&#8243; _module_preset=&#8221;default&#8221; global_colors_info=&#8221;{}&#8221;][et_pb_text _builder_version=&#8221;4.19.4&#8243; _module_preset=&#8221;default&#8221; global_colors_info=&#8221;{}&#8221;]<\/p>\n<h3>Perqu\u00e8 contactar i contractar Artic Agency?<\/h3>\n<p>Contratar Artic Agency com a ag\u00e8ncia de m\u00e0rqueting digital 360\u00ba ser\u00e0 benefici\u00f3s per a la teva empresa per diverses raons:<\/p>\n<ol>\n<li><strong>Experi\u00e8ncia i coneixement especialitzat<\/strong>: Artic Agency t\u00e9 experi\u00e8ncia en diferents t\u00e8cniques de m\u00e0rqueting digital i est\u00e0 al dia amb les \u00faltimes tend\u00e8ncies del sector. Aix\u00f2 ajudar\u00e0 a la teva empresa a obtenir millors resultats en les campanyes de m\u00e0rqueting.<\/li>\n<li><strong>Efici\u00e8ncia<\/strong>: Artic Agency disposa de professionals especialitzats en diferents \u00e0mbits del m\u00e0rqueting digital, com ara SEO, m\u00e0rqueting de contingut, publicitat en xarxes socials, correu electr\u00f2nic m\u00e0rqueting, entre d&#8217;altres. Aix\u00f2 significa que es pot gestionar de manera m\u00e9s eficient les diferents estrat\u00e8gies de m\u00e0rqueting de l&#8217;empresa.<\/li>\n<li><strong>Estalvi de temps i recursos<\/strong>: Contractar una ag\u00e8ncia de m\u00e0rqueting digital 360\u00ba us estalviar\u00e0 temps a l&#8217;empresa, ja que delegueu en professionals externs la gesti\u00f3 de les campanyes de m\u00e0rqueting. Aix\u00f2 permet a l&#8217;empresa centrar-se en altres tasques importants.<\/li>\n<li><strong>Millora dels resultats<\/strong>: Us ajudarem a millorar els resultats de les campanyes de m\u00e0rqueting gr\u00e0cies a la seva experi\u00e8ncia i coneixement especialitzat.<\/li>\n<\/ol>\n<p>En resum, contractar Artic Agency, <strong>una ag\u00e8ncia de m\u00e0rqueting digital 360\u00ba<\/strong>, us ajudar\u00e0 a millorar els resultats de les campanyes de m\u00e0rqueting, estalviar temps i disposar de professionals especialitzats en diferents \u00e0mbits del m\u00e0rqueting digital.<\/p>\n<p>[\/et_pb_text][\/et_pb_column][\/et_pb_row][\/et_pb_section]<\/p>\n","protected":false},"excerpt":{"rendered":"<p>Posem-nos en contacteSuport i informaci\u00f3Tel\u00e8fon i Whatsapp810 101 910tel\u00e8fon gratu\u00eftCorreu electr\u00f2nichola@articagency.catOficines amb cita pr\u00e8viaOFICINA DE BARCELONAAv. Vilafranca del Pened\u00e8s 11B08799, Ol\u00e8rdolabarcelona@articagency.cat OFICINA DE MADRIDC. de Salas Barbadillo, 1828017 &#8211; Madridmadrid@articagency.cat OFICINA DE TARRAGONAC. de Montserrat, 1343820 &#8211; Calafelltarragona@articagency.catFaqAteneu per Whatsapp?S\u00ed! El nostre tel\u00e8fon est\u00e0 connectat amb Whatsapp for Business, i estarem encantats de respondre-us qualsevol [&hellip;]<\/p>\n","protected":false},"author":2,"featured_media":0,"parent":0,"menu_order":0,"comment_status":"closed","ping_status":"closed","template":"","meta":{"_et_pb_use_builder":"on","_et_pb_old_content":"<p>\u00a0<\/p>\r\n<!-- wp:divi\/placeholder \/-->","_et_gb_content_width":"","inline_featured_image":false,"_uag_custom_page_level_css":"","footnotes":""},"class_list":["post-178","page","type-page","status-publish","hentry"],"uagb_featured_image_src":{"full":false,"thumbnail":false,"medium":false,"medium_large":false,"large":false,"1536x1536":false,"2048x2048":false,"trp-custom-language-flag":false,"et-pb-post-main-image":false,"et-pb-post-main-image-fullwidth":false,"et-pb-portfolio-image":false,"et-pb-portfolio-module-image":false,"et-pb-portfolio-image-single":false,"et-pb-gallery-module-image-portrait":false,"et-pb-post-main-image-fullwidth-large":false,"et-pb-image--responsive--desktop":false,"et-pb-image--responsive--tablet":false,"et-pb-image--responsive--phone":false},"uagb_author_info":{"display_name":"Francesc Beumala Suri\u00e0","author_link":"https:\/\/articagency.cat\/ca\/author\/francesc\/"},"uagb_comment_info":0,"uagb_excerpt":"Posem-nos en contacteSuport i informaci\u00f3Tel\u00e8fon i Whatsapp810 101 910tel\u00e8fon gratu\u00eftCorreu electr\u00f2nichola@articagency.catOficines amb cita pr\u00e8viaOFICINA DE BARCELONAAv. Vilafranca del Pened\u00e8s 11B08799, Ol\u00e8rdolabarcelona@articagency.cat OFICINA DE MADRIDC. de Salas Barbadillo, 1828017 - Madridmadrid@articagency.cat OFICINA DE TARRAGONAC. de Montserrat, 1343820 - Calafelltarragona@articagency.catFaqAteneu per Whatsapp?S\u00ed! El nostre tel\u00e8fon est\u00e0 connectat amb Whatsapp for Business, i estarem encantats de respondre-us qualsevol&hellip;","_links":{"self":[{"href":"https:\/\/articagency.cat\/ca\/wp-json\/wp\/v2\/pages\/178","targetHints":{"allow":["GET"]}}],"collection":[{"href":"https:\/\/articagency.cat\/ca\/wp-json\/wp\/v2\/pages"}],"about":[{"href":"https:\/\/articagency.cat\/ca\/wp-json\/wp\/v2\/types\/page"}],"author":[{"embeddable":true,"href":"https:\/\/articagency.cat\/ca\/wp-json\/wp\/v2\/users\/2"}],"replies":[{"embeddable":true,"href":"https:\/\/articagency.cat\/ca\/wp-json\/wp\/v2\/comments?post=178"}],"version-history":[{"count":6,"href":"https:\/\/articagency.cat\/ca\/wp-json\/wp\/v2\/pages\/178\/revisions"}],"predecessor-version":[{"id":34803,"href":"https:\/\/articagency.cat\/ca\/wp-json\/wp\/v2\/pages\/178\/revisions\/34803"}],"wp:attachment":[{"href":"https:\/\/articagency.cat\/ca\/wp-json\/wp\/v2\/media?parent=178"}],"curies":[{"name":"wp","href":"https:\/\/api.w.org\/{rel}","templated":true}]}}