{"id":1772,"date":"2022-09-29T13:31:59","date_gmt":"2022-09-29T12:31:59","guid":{"rendered":"https:\/\/articagency.cat\/?page_id=1772"},"modified":"2023-06-14T14:31:52","modified_gmt":"2023-06-14T13:31:52","slug":"optimitzacio-de-la-taxa-de-conversio","status":"publish","type":"page","link":"https:\/\/articagency.cat\/ca\/optimitzacio-de-la-taxa-de-conversio\/","title":{"rendered":"Optimitzaci\u00f3 de la taxa de conversi\u00f3 (CRO)"},"content":{"rendered":"<p>[et_pb_section fb_built=&#8221;1&#8243; fullwidth=&#8221;on&#8221; admin_label=&#8221;Header&#8221; _builder_version=&#8221;4.18.0&#8243; background_color=&#8221;RGBA(255,255,255,0)&#8221; background_image=&#8221;https:\/\/articagency.cat\/wp-content\/uploads\/2022\/09\/google-and-facebook-ads-web-1.svg&#8221; background_size=&#8221;custom&#8221; background_image_width=&#8221;53%&#8221; background_image_height=&#8221;100%&#8221; background_position=&#8221;center_right&#8221; background_horizontal_offset=&#8221;27%&#8221; height=&#8221;515px&#8221; custom_margin=&#8221;0px||0px||false|false&#8221; custom_padding=&#8221;0px||0px||false|false&#8221; bottom_divider_color=&#8221;#00b7a4&#8243; animation_style=&#8221;fade&#8221; background_last_edited=&#8221;on|phone&#8221; background_size_phone=&#8221;contain&#8221; background_horizontal_offset_phone=&#8221;5%&#8221; background_vertical_offset_phone=&#8221;41%&#8221; border_color_top=&#8221;#00b7a4&#8243; border_color_bottom=&#8221;#00b7a4&#8243; global_colors_info=&#8221;{}&#8221;][et_pb_fullwidth_header title=&#8221;Optimitzaci\u00f3 de la taxa de conversi\u00f3 (CRO)&#8221; subhead=&#8221;Conversion Rate Optimization, convertir els visitants en clients&#8221; button_one_text=&#8221;Demana un pressupost gratu\u00eft&#8221; button_one_url=&#8221;#contactar&#8221; button_two_url=&#8221;#com-ho-fem&#8221; content_max_width=&#8221;640px&#8221; _builder_version=&#8221;4.21.0&#8243; title_font=&#8221;|900|||||||&#8221; title_text_color=&#8221;#000000&#8243; title_font_size=&#8221;40px&#8221; title_line_height=&#8221;1.5em&#8221; content_font=&#8221;||||||||&#8221; content_font_size=&#8221;16px&#8221; content_line_height=&#8221;2em&#8221; subhead_font=&#8221;|700||on|||||&#8221; subhead_text_color=&#8221;#333333&#8243; subhead_font_size=&#8221;14px&#8221; subhead_letter_spacing=&#8221;2px&#8221; subhead_line_height=&#8221;1.7em&#8221; background_color=&#8221;rgba(255,255,255,0.54)&#8221; background_enable_mask_style=&#8221;on&#8221; background_mask_style=&#8221;bean&#8221; background_mask_color=&#8221;#00b7a4&#8243; background_mask_size=&#8221;cover&#8221; custom_button_one=&#8221;on&#8221; button_one_text_size=&#8221;14px&#8221; button_one_text_color=&#8221;#ffffff&#8221; button_one_bg_color=&#8221;#ffb835&#8243; button_one_border_width=&#8221;14px&#8221; button_one_border_color=&#8221;rgba(0,0,0,0)&#8221; button_one_border_radius=&#8221;0px&#8221; button_one_letter_spacing=&#8221;2px&#8221; button_one_font=&#8221;|600||on|||||&#8221; button_one_icon=&#8221;&#x24;||divi||400&#8243; button_one_custom_margin=&#8221;56px||||false|false&#8221; custom_button_two=&#8221;on&#8221; button_two_text_size=&#8221;14px&#8221; button_two_text_color=&#8221;#0054ff&#8221; button_two_bg_color=&#8221;rgba(255,255,255,0)&#8221; button_two_border_width=&#8221;12px&#8221; button_two_border_color=&#8221;rgba(0,0,0,0)&#8221; button_two_border_radius=&#8221;0px&#8221; button_two_letter_spacing=&#8221;2px&#8221; button_two_font=&#8221;|600||on|||||&#8221; button_two_icon=&#8221;&#x39;||divi||400&#8243; button_two_on_hover=&#8221;off&#8221; background_layout=&#8221;light&#8221; height=&#8221;100%&#8221; custom_margin=&#8221;0px||||false|false&#8221; custom_padding=&#8221;145px||||false|false&#8221; animation_style=&#8221;zoom&#8221; animation_intensity_zoom=&#8221;-5%&#8221; hover_enabled=&#8221;0&#8243; title_text_color_tablet=&#8221;#000000&#8243; title_text_color_phone=&#8221;#FFFFFF&#8221; title_text_color_last_edited=&#8221;on|desktop&#8221; title_font_size_tablet=&#8221;&#8221; title_font_size_phone=&#8221;25px&#8221; title_font_size_last_edited=&#8221;on|desktop&#8221; subhead_text_color_tablet=&#8221;#666666&#8243; subhead_text_color_phone=&#8221;#FFFFFF&#8221; subhead_text_color_last_edited=&#8221;on|desktop&#8221; background_color_phone=&#8221;rgba(0,0,0,0.51)&#8221; background_last_edited=&#8221;on|desktop&#8221; background_enable_color_phone=&#8221;on&#8221; background_enable_mask_style_phone=&#8221;off&#8221; background_mask_size_phone=&#8221;cover&#8221; button_one_text_size_tablet=&#8221;14px&#8221; button_one_text_size_phone=&#8221;10px&#8221; button_one_text_size_last_edited=&#8221;on|phone&#8221; button_one_letter_spacing_tablet=&#8221;2px&#8221; button_one_letter_spacing_phone=&#8221;1px&#8221; button_one_letter_spacing_last_edited=&#8221;on|phone&#8221; custom_css_button_1=&#8221;animation: floating 4s ease-in-out infinite;&#8221; box_shadow_style_button_one=&#8221;preset3&#8243; box_shadow_style_button_two=&#8221;preset1&#8243; box_shadow_vertical_button_two=&#8221;0px&#8221; box_shadow_blur_button_two=&#8221;0px&#8221; box_shadow_spread_button_two=&#8221;2px&#8221; box_shadow_color_button_two=&#8221;#0054ff&#8221; button_one_letter_spacing_hover=&#8221;2px&#8221; button_two_letter_spacing_hover=&#8221;2px&#8221; global_colors_info=&#8221;{}&#8221; button_one_text_size__hover_enabled=&#8221;off&#8221; button_two_text_size__hover_enabled=&#8221;off&#8221; button_one_text_color__hover_enabled=&#8221;off&#8221; button_two_text_color__hover_enabled=&#8221;off&#8221; button_one_border_width__hover_enabled=&#8221;off&#8221; button_two_border_width__hover_enabled=&#8221;off&#8221; button_one_border_color__hover_enabled=&#8221;off&#8221; button_two_border_color__hover_enabled=&#8221;off&#8221; button_one_border_radius__hover_enabled=&#8221;off&#8221; button_two_border_radius__hover_enabled=&#8221;off&#8221; button_one_letter_spacing__hover_enabled=&#8221;on|desktop&#8221; button_one_letter_spacing__hover=&#8221;2px&#8221; button_two_letter_spacing__hover_enabled=&#8221;on&#8221; button_two_letter_spacing__hover=&#8221;2px&#8221; button_one_bg_color__hover_enabled=&#8221;on|hover&#8221; button_two_bg_color__hover_enabled=&#8221;off&#8221; button_one_bg_color__hover=&#8221;#ffb835&#8243; button_one_bg_enable_color__hover=&#8221;on&#8221; sticky_enabled=&#8221;0&#8243;][\/et_pb_fullwidth_header][\/et_pb_section][et_pb_section fb_built=&#8221;1&#8243; admin_label=&#8221;Services&#8221; _builder_version=&#8221;4.18.0&#8243; background_color=&#8221;#edf1f4&#8243; background_enable_mask_style=&#8221;on&#8221; background_mask_style=&#8221;ellipse&#8221; background_mask_transform=&#8221;invert&#8221; background_mask_size=&#8221;custom&#8221; background_mask_width=&#8221;110%&#8221; background_mask_height=&#8221;0%&#8221; background_mask_position=&#8221;center_left&#8221; background_mask_horizontal_offset=&#8221;-139px&#8221; custom_padding=&#8221;94px||31px|||&#8221; global_colors_info=&#8221;{}&#8221;][et_pb_row _builder_version=&#8221;4.16&#8243; custom_padding=&#8221;|||&#8221; global_colors_info=&#8221;{}&#8221;][et_pb_column type=&#8221;4_4&#8243; _builder_version=&#8221;4.16&#8243; custom_padding=&#8221;|||&#8221; global_colors_info=&#8221;{}&#8221; custom_padding__hover=&#8221;|||&#8221;][et_pb_text content_last_edited=&#8221;off|desktop&#8221; _builder_version=&#8221;4.21.0&#8243; text_font=&#8221;||||||||&#8221; header_font=&#8221;Archivo|700|||||||&#8221; header_text_align=&#8221;left&#8221; header_font_size=&#8221;45px&#8221; header_2_font=&#8221;|600||on|||||&#8221; header_2_text_color=&#8221;#000000&#8243; header_2_letter_spacing=&#8221;3px&#8221; header_2_line_height=&#8221;1.8em&#8221; header_3_font=&#8221;|700|||||||&#8221; header_3_text_align=&#8221;left&#8221; header_3_text_color=&#8221;#00b7a4&#8243; header_3_line_height=&#8221;1.5em&#8221; text_orientation=&#8221;center&#8221; hover_enabled=&#8221;0&#8243; header_font_size_tablet=&#8221;45px&#8221; header_font_size_phone=&#8221;30px&#8221; header_font_size_last_edited=&#8221;on|phone&#8221; header_3_font_size_tablet=&#8221;&#8221; header_3_font_size_phone=&#8221;15px&#8221; header_3_font_size_last_edited=&#8221;on|phone&#8221; global_colors_info=&#8221;{}&#8221; sticky_enabled=&#8221;0&#8243;]<\/p>\n<h2>Optimitzem la teva web i ecommerce perqu\u00e8 les visites es converteixin en vendes<\/h2>\n<h3>Millorar la tassa de conversi\u00f3 i optimitzar els fluxes de vendes \u00e9s imprescindible un cop ja est\u00e0s aconseguint tr\u00e0fic a la web, sigui via SEO, SEM, xarxes socials o tot combinat. \u00c9s el moment de rendibilitzar els esfor\u00e7os de tot el m\u00e0rqueting digital<\/h3>\n<p>[\/et_pb_text][\/et_pb_column][\/et_pb_row][et_pb_row column_structure=&#8221;1_2,1_2&#8243; _builder_version=&#8221;4.16&#8243; global_colors_info=&#8221;{}&#8221;][et_pb_column type=&#8221;1_2&#8243; _builder_version=&#8221;4.16&#8243; custom_padding=&#8221;|||&#8221; global_colors_info=&#8221;{}&#8221; custom_padding__hover=&#8221;|||&#8221;][et_pb_text _builder_version=&#8221;4.21.0&#8243; text_font=&#8221;||||||||&#8221; text_line_height=&#8221;2em&#8221; header_font=&#8221;||||||||&#8221; header_3_font=&#8221;Lato|700|||||||&#8221; header_3_line_height=&#8221;1.4em&#8221; text_orientation=&#8221;justified&#8221; animation_style=&#8221;slide&#8221; animation_direction=&#8221;left&#8221; animation_duration=&#8221;1500ms&#8221; animation_delay=&#8221;400ms&#8221; animation_intensity_slide=&#8221;5%&#8221; hover_enabled=&#8221;0&#8243; global_colors_info=&#8221;{}&#8221; sticky_enabled=&#8221;0&#8243;]<\/p>\n<p>Una vegada s&#8217;ha complert l&#8217;objectiu de <strong>generar un gran volum de tr\u00e0nsit de qualitat<\/strong> i estable cap a una web, despr\u00e9s de dedicar una gran quantitat de temps i recursos a <a href=\"https:\/\/articagency.cat\/posicionament-web\/\">SEO (Posicionament Web)<\/a>, <a href=\"https:\/\/articagency.cat\/gestio-de-campanyes-google-ads\/\">PPC (Google o Facebook Ads)<\/a>, <a href=\"https:\/\/articagency.cat\/marqueting-en-xarxes-socials\/\">SMM (Xarxes Socials)<\/a>\u2026, nom\u00e9s estarem al mig del cam\u00ed per aconseguir l&#8217;\u00e8xit del nostre canal online.<\/p>\n<p>[\/et_pb_text][\/et_pb_column][et_pb_column type=&#8221;1_2&#8243; _builder_version=&#8221;4.16&#8243; custom_padding=&#8221;|||&#8221; global_colors_info=&#8221;{}&#8221; custom_padding__hover=&#8221;|||&#8221;][et_pb_text _builder_version=&#8221;4.21.0&#8243; text_font=&#8221;||||||||&#8221; text_line_height=&#8221;2em&#8221; header_font=&#8221;||||||||&#8221; header_3_font=&#8221;Lato|700|||||||&#8221; header_3_line_height=&#8221;1.4em&#8221; text_orientation=&#8221;justified&#8221; animation_style=&#8221;slide&#8221; animation_direction=&#8221;right&#8221; animation_duration=&#8221;1500ms&#8221; animation_delay=&#8221;400ms&#8221; animation_intensity_slide=&#8221;5%&#8221; hover_enabled=&#8221;0&#8243; locked=&#8221;off&#8221; global_colors_info=&#8221;{}&#8221; sticky_enabled=&#8221;0&#8243;]<\/p>\n<p>Treballar per millorar la tasa d&#8217;obtenci\u00f3 de valor de la nostra web ser\u00e0 clau perqu\u00e8 el <strong>retorn d&#8217;inversi\u00f3 global del canal online<\/strong> millori substancialment. I per aconseguir-ho haurem d&#8217;investigar sobre l&#8217;audi\u00e8ncia del nostre web i els seus <strong>h\u00e0bits de navegaci\u00f3<\/strong>, provar diferents versions de p\u00e0gines i determinar com dirigir millor als diferents objectius del visitant cap a una conversi\u00f3, cap al que busquen i necessiten.<\/p>\n<p><strong>\u00a0<\/strong><\/p>\n<p>[\/et_pb_text][\/et_pb_column][\/et_pb_row][\/et_pb_section][et_pb_section fb_built=&#8221;1&#8243; admin_label=&#8221;Packages&#8221; _builder_version=&#8221;4.18.0&#8243; background_last_edited=&#8221;on|phone&#8221; background_mask_size_phone=&#8221;cover&#8221; global_colors_info=&#8221;{}&#8221;][et_pb_row column_structure=&#8221;2_5,3_5&#8243; make_equal=&#8221;on&#8221; padding_top_bottom_link_1=&#8221;false&#8221; padding_top_bottom_link_2=&#8221;true&#8221; _builder_version=&#8221;4.18.0&#8243; custom_margin=&#8221;40px||80px||false&#8221; custom_padding=&#8221;0|0px|0|0px|true|false&#8221; animation_style=&#8221;slide&#8221; animation_direction=&#8221;left&#8221; animation_intensity_slide=&#8221;1%&#8221; global_colors_info=&#8221;{}&#8221;][et_pb_column type=&#8221;2_5&#8243; _builder_version=&#8221;4.18.0&#8243; custom_padding=&#8221;80px||40px|&#8221; custom_padding_tablet=&#8221;0px|||&#8221; custom_padding_phone=&#8221;&#8221; custom_padding_last_edited=&#8221;on|tablet&#8221; global_colors_info=&#8221;{}&#8221; padding_tablet=&#8221;0px|||&#8221; padding_last_edited=&#8221;on|tablet&#8221; custom_padding__hover=&#8221;|||&#8221; padding_phone=&#8221;0px|||&#8221;][et_pb_text _builder_version=&#8221;4.21.0&#8243; text_font=&#8221;||||||||&#8221; text_line_height=&#8221;2em&#8221; header_font=&#8221;||||||||&#8221; header_3_font=&#8221;|900|||||||&#8221; header_3_font_size=&#8221;35px&#8221; header_3_line_height=&#8221;1.5em&#8221; header_4_font=&#8221;Open Sans|700||on|||||&#8221; header_4_text_color=&#8221;rgba(12,12,12,0.27)&#8221; header_4_font_size=&#8221;13px&#8221; header_4_letter_spacing=&#8221;3px&#8221; header_4_line_height=&#8221;1.8em&#8221; hover_enabled=&#8221;0&#8243; header_3_font_size_tablet=&#8221;&#8221; header_3_font_size_phone=&#8221;25px&#8221; header_3_font_size_last_edited=&#8221;on|desktop&#8221; global_colors_info=&#8221;{}&#8221; sticky_enabled=&#8221;0&#8243;]<\/p>\n<h3>Qu\u00e8 forma part del CRO?<\/h3>\n<p>El CRO engloba l&#8217;aplicaci\u00f3 i el seguiment de les conclusions extretes <strong>mitjan\u00e7ant l&#8217;an\u00e0lisi web<\/strong>, per\u00f2 tamb\u00e9 l&#8217;extracci\u00f3 d&#8217;informaci\u00f3 addicional sobre els nostres usuaris que complementen i enriqueixen la nostra base per a la presa de decisions, la realitzaci\u00f3 d&#8217;enquestes, proves pilot, testing, analysis de bases de dades. Gr\u00e0cies al CRO podrem establir un <strong>panell d&#8217;intel\u00b7lig\u00e8ncia del client<\/strong> que ens permetr\u00e0 afinar m\u00e9s a les nostres accions de comunicaci\u00f3 en l\u00ednia.<\/p>\n<p>[\/et_pb_text][\/et_pb_column][et_pb_column type=&#8221;3_5&#8243; _builder_version=&#8221;4.18.0&#8243; custom_padding=&#8221;60px||60px|&#8221; global_colors_info=&#8221;{}&#8221; custom_padding__hover=&#8221;|||&#8221;][et_pb_image src=&#8221;https:\/\/articagency.cat\/wp-content\/uploads\/2022\/09\/com-gestionem-ads-2.svg&#8221; alt=&#8221;campanyes google ads facebook&#8221; title_text=&#8221;com-gestionem-ads&#8221; align_tablet=&#8221;center&#8221; align_phone=&#8221;&#8221; align_last_edited=&#8221;on|desktop&#8221; _builder_version=&#8221;4.18.0&#8243; custom_margin=&#8221;|-20%||&#8221; custom_margin_tablet=&#8221;|-10%||&#8221; custom_margin_phone=&#8221;|||&#8221; custom_margin_last_edited=&#8221;on|phone&#8221; animation_style=&#8221;slide&#8221; animation_direction=&#8221;right&#8221; animation_duration=&#8221;1600ms&#8221; animation_delay=&#8221;500ms&#8221; animation_intensity_slide=&#8221;5%&#8221; global_colors_info=&#8221;{}&#8221;][\/et_pb_image][\/et_pb_column][\/et_pb_row][\/et_pb_section][et_pb_section fb_built=&#8221;1&#8243; _builder_version=&#8221;4.18.0&#8243; _module_preset=&#8221;default&#8221; background_enable_mask_style=&#8221;on&#8221; background_mask_style=&#8221;arch&#8221; background_mask_color=&#8221;#edf1f4&#8243; background_mask_transform=&#8221;flip_horizontal&#8221; background_mask_size=&#8221;cover&#8221; global_colors_info=&#8221;{}&#8221;][et_pb_row column_structure=&#8221;3_5,2_5&#8243; make_equal=&#8221;on&#8221; padding_top_bottom_link_1=&#8221;true&#8221; padding_top_bottom_link_2=&#8221;false&#8221; _builder_version=&#8221;4.18.0&#8243; custom_margin=&#8221;40px||80px||false&#8221; custom_padding=&#8221;0|0px|0|0px|true|false&#8221; animation_style=&#8221;slide&#8221; animation_direction=&#8221;right&#8221; animation_intensity_slide=&#8221;1%&#8221; global_colors_info=&#8221;{}&#8221;][et_pb_column type=&#8221;3_5&#8243; _builder_version=&#8221;4.18.0&#8243; custom_padding=&#8221;135px||60px||false|false&#8221; global_colors_info=&#8221;{}&#8221; custom_padding__hover=&#8221;|||&#8221;][et_pb_image src=&#8221;https:\/\/articagency.cat\/wp-content\/uploads\/2022\/09\/on-dirigim-5.svg&#8221; alt=&#8221;gestio de google ads i facebook ads&#8221; title_text=&#8221;on-dirigim&#8221; align_tablet=&#8221;center&#8221; align_phone=&#8221;&#8221; align_last_edited=&#8221;on|desktop&#8221; _builder_version=&#8221;4.18.0&#8243; custom_margin=&#8221;|||-20%&#8221; custom_margin_tablet=&#8221;|||-10%&#8221; custom_margin_phone=&#8221;|||&#8221; custom_margin_last_edited=&#8221;on|phone&#8221; animation_style=&#8221;slide&#8221; animation_direction=&#8221;left&#8221; animation_duration=&#8221;1700ms&#8221; animation_delay=&#8221;450ms&#8221; animation_intensity_slide=&#8221;5%&#8221; locked=&#8221;off&#8221; global_colors_info=&#8221;{}&#8221;][\/et_pb_image][\/et_pb_column][et_pb_column type=&#8221;2_5&#8243; _builder_version=&#8221;4.16&#8243; custom_padding=&#8221;80px||40px|&#8221; custom_padding_tablet=&#8221;0px|||&#8221; custom_padding_phone=&#8221;&#8221; custom_padding_last_edited=&#8221;on|desktop&#8221; global_colors_info=&#8221;{}&#8221; padding_tablet=&#8221;0px|||&#8221; padding_last_edited=&#8221;on|desktop&#8221; custom_padding__hover=&#8221;|||&#8221; padding_phone=&#8221;0px|||&#8221;][et_pb_text _builder_version=&#8221;4.21.0&#8243; text_font=&#8221;||||||||&#8221; text_line_height=&#8221;2em&#8221; link_text_color=&#8221;#ffb835&#8243; header_font=&#8221;||||||||&#8221; header_3_font=&#8221;|700|||||||&#8221; header_3_font_size=&#8221;35px&#8221; header_3_line_height=&#8221;1.5em&#8221; header_4_font=&#8221;Lato|700||on|||||&#8221; header_4_text_color=&#8221;rgba(12,12,12,0.27)&#8221; header_4_font_size=&#8221;13px&#8221; header_4_letter_spacing=&#8221;3px&#8221; header_4_line_height=&#8221;1.8em&#8221; hover_enabled=&#8221;0&#8243; header_3_font_size_tablet=&#8221;&#8221; header_3_font_size_phone=&#8221;25px&#8221; header_3_font_size_last_edited=&#8221;on|phone&#8221; locked=&#8221;off&#8221; global_colors_info=&#8221;{}&#8221; sticky_enabled=&#8221;0&#8243;]<\/p>\n<h3>Com es treballa la optimitzaci\u00f3 de la taxa de conversi\u00f3?<\/h3>\n<p>En el treball sobre CRO m\u00e9s enll\u00e0 de la creativitat, els test A\/B i l&#8217;aplicaci\u00f3 de bones pr\u00e0ctiques, hi ha un aspecte essencial que consisteix en <strong>no perdre en cap moment la visi\u00f3 des del client<\/strong>. L\u2019empatia i la comprensi\u00f3 dels procesos de pensamient per els que passen els nostres visitants. A partir d&#8217;aqu\u00ed, tant software com els <strong>Experiments de Contingut de Google Analytics<\/strong> ens ofereixen tot el necessari per comen\u00e7ar a treballar. Comencem amb canvis petits, f\u00e0cils d&#8217;implementar i de medir. I tenim la prud\u00e8ncia d&#8217;efectuar les modificacions de la forma m\u00e9s a\u00efllada possible, per estar segurs de que atribu\u00efm les variacions en la tasa de conversi\u00f3<strong> al motiu correcte<\/strong>.<\/p>\n<p>&nbsp;<\/p>\n<p>Oferim un treball constant i rigor\u00f3s<strong> d&#8217;optimitzaci\u00f3 de la tasca de conversi\u00f3<\/strong>. Des d\u2019Artic Agency us ajudem a comprendre als vostres visitants i a oferir-los all\u00f2 que volen veure de la forma que ells volen. \u201cSaber escoltar a la gent i donar el que vol a cadasc\u00fa\u201d, <strong>aix\u00f2 tamb\u00e9 es pot fer online<\/strong>.<\/p>\n<p>&nbsp;<\/p>\n<p>&nbsp;<\/p>\n<p>[\/et_pb_text][\/et_pb_column][\/et_pb_row][\/et_pb_section][et_pb_section fb_built=&#8221;1&#8243; admin_label=&#8221;Packages&#8221; _builder_version=&#8221;4.18.0&#8243; background_last_edited=&#8221;on|phone&#8221; background_mask_size_phone=&#8221;cover&#8221; global_colors_info=&#8221;{}&#8221;][et_pb_row _builder_version=&#8221;4.18.0&#8243; _module_preset=&#8221;default&#8221; global_colors_info=&#8221;{}&#8221;][et_pb_column type=&#8221;4_4&#8243; _builder_version=&#8221;4.18.0&#8243; _module_preset=&#8221;default&#8221; global_colors_info=&#8221;{}&#8221;][et_pb_text _builder_version=&#8221;4.18.0&#8243; _module_preset=&#8221;default&#8221; global_colors_info=&#8221;{}&#8221;]<\/p>\n<h2>Projectes realitzats d&#8217;optimitzaci\u00f3 de la taxa de conversi\u00f3 (CRO)<\/h2>\n<p>[\/et_pb_text][et_pb_portfolio fullwidth=&#8221;off&#8221; posts_number=&#8221;4&#8243; include_categories=&#8221;59&#8243; show_categories=&#8221;off&#8221; show_pagination=&#8221;off&#8221; _builder_version=&#8221;4.18.0&#8243; _module_preset=&#8221;default&#8221; global_colors_info=&#8221;{}&#8221;][\/et_pb_portfolio][\/et_pb_column][\/et_pb_row][\/et_pb_section]<\/p>\n","protected":false},"excerpt":{"rendered":"<p>Optimitzem la teva web i ecommerce perqu\u00e8 les visites es converteixin en vendes Millorar la tassa de conversi\u00f3 i optimitzar els fluxes de vendes \u00e9s imprescindible un cop ja est\u00e0s aconseguint tr\u00e0fic a la web, sigui via SEO, SEM, xarxes socials o tot combinat. \u00c9s el moment de rendibilitzar els esfor\u00e7os de tot el m\u00e0rqueting [&hellip;]<\/p>\n","protected":false},"author":2,"featured_media":0,"parent":0,"menu_order":0,"comment_status":"closed","ping_status":"closed","template":"","meta":{"_et_pb_use_builder":"on","_et_pb_old_content":"","_et_gb_content_width":"","inline_featured_image":false,"_uag_custom_page_level_css":"","footnotes":""},"class_list":["post-1772","page","type-page","status-publish","hentry"],"uagb_featured_image_src":{"full":false,"thumbnail":false,"medium":false,"medium_large":false,"large":false,"1536x1536":false,"2048x2048":false,"trp-custom-language-flag":false,"et-pb-post-main-image":false,"et-pb-post-main-image-fullwidth":false,"et-pb-portfolio-image":false,"et-pb-portfolio-module-image":false,"et-pb-portfolio-image-single":false,"et-pb-gallery-module-image-portrait":false,"et-pb-post-main-image-fullwidth-large":false,"et-pb-image--responsive--desktop":false,"et-pb-image--responsive--tablet":false,"et-pb-image--responsive--phone":false},"uagb_author_info":{"display_name":"Francesc Beumala Suri\u00e0","author_link":"https:\/\/articagency.cat\/ca\/author\/francesc\/"},"uagb_comment_info":0,"uagb_excerpt":"Optimitzem la teva web i ecommerce perqu\u00e8 les visites es converteixin en vendes Millorar la tassa de conversi\u00f3 i optimitzar els fluxes de vendes \u00e9s imprescindible un cop ja est\u00e0s aconseguint tr\u00e0fic a la web, sigui via SEO, SEM, xarxes socials o tot combinat. \u00c9s el moment de rendibilitzar els esfor\u00e7os de tot el m\u00e0rqueting&hellip;","_links":{"self":[{"href":"https:\/\/articagency.cat\/ca\/wp-json\/wp\/v2\/pages\/1772","targetHints":{"allow":["GET"]}}],"collection":[{"href":"https:\/\/articagency.cat\/ca\/wp-json\/wp\/v2\/pages"}],"about":[{"href":"https:\/\/articagency.cat\/ca\/wp-json\/wp\/v2\/types\/page"}],"author":[{"embeddable":true,"href":"https:\/\/articagency.cat\/ca\/wp-json\/wp\/v2\/users\/2"}],"replies":[{"embeddable":true,"href":"https:\/\/articagency.cat\/ca\/wp-json\/wp\/v2\/comments?post=1772"}],"version-history":[{"count":1,"href":"https:\/\/articagency.cat\/ca\/wp-json\/wp\/v2\/pages\/1772\/revisions"}],"predecessor-version":[{"id":33514,"href":"https:\/\/articagency.cat\/ca\/wp-json\/wp\/v2\/pages\/1772\/revisions\/33514"}],"wp:attachment":[{"href":"https:\/\/articagency.cat\/ca\/wp-json\/wp\/v2\/media?parent=1772"}],"curies":[{"name":"wp","href":"https:\/\/api.w.org\/{rel}","templated":true}]}}