{"id":1765,"date":"2022-09-29T13:16:11","date_gmt":"2022-09-29T12:16:11","guid":{"rendered":"https:\/\/articagency.cat\/?page_id=1765"},"modified":"2023-06-14T16:14:47","modified_gmt":"2023-06-14T15:14:47","slug":"email-marqueting","status":"publish","type":"page","link":"https:\/\/articagency.cat\/ca\/email-marqueting\/","title":{"rendered":"Email M\u00e0rqueting"},"content":{"rendered":"<p>[et_pb_section fb_built=&#8221;1&#8243; fullwidth=&#8221;on&#8221; admin_label=&#8221;Header&#8221; _builder_version=&#8221;4.18.0&#8243; background_color=&#8221;RGBA(255,255,255,0)&#8221; background_image=&#8221;https:\/\/articagency.cat\/wp-content\/uploads\/2022\/09\/google-and-facebook-ads-web-1.svg&#8221; background_size=&#8221;custom&#8221; background_image_width=&#8221;53%&#8221; background_image_height=&#8221;100%&#8221; background_position=&#8221;center_right&#8221; background_horizontal_offset=&#8221;27%&#8221; height=&#8221;515px&#8221; custom_margin=&#8221;0px||0px||false|false&#8221; custom_padding=&#8221;0px||0px||false|false&#8221; bottom_divider_color=&#8221;#00b7a4&#8243; animation_style=&#8221;fade&#8221; background_last_edited=&#8221;on|phone&#8221; background_size_phone=&#8221;contain&#8221; background_horizontal_offset_phone=&#8221;5%&#8221; background_vertical_offset_phone=&#8221;41%&#8221; border_color_top=&#8221;#00b7a4&#8243; border_color_bottom=&#8221;#00b7a4&#8243; global_colors_info=&#8221;{}&#8221;][et_pb_fullwidth_header title=&#8221;Email M\u00e0rqueting&#8221; subhead=&#8221;MILLOREM LA IMPLICACI\u00d3&#8221; button_one_text=&#8221;Demana un pressupost gratu\u00eft&#8221; button_one_url=&#8221;#contactar&#8221; button_two_url=&#8221;#com-ho-fem&#8221; content_max_width=&#8221;640px&#8221; _builder_version=&#8221;4.21.0&#8243; title_font=&#8221;|900|||||||&#8221; title_text_color=&#8221;#000000&#8243; title_font_size=&#8221;40px&#8221; title_line_height=&#8221;1.5em&#8221; content_font=&#8221;||||||||&#8221; content_font_size=&#8221;16px&#8221; content_line_height=&#8221;2em&#8221; subhead_font=&#8221;|700||on|||||&#8221; subhead_text_color=&#8221;#333333&#8243; subhead_font_size=&#8221;14px&#8221; subhead_letter_spacing=&#8221;2px&#8221; subhead_line_height=&#8221;1.7em&#8221; background_color=&#8221;rgba(255,255,255,0.54)&#8221; background_enable_mask_style=&#8221;on&#8221; background_mask_style=&#8221;bean&#8221; background_mask_color=&#8221;rgba(0,183,164,0.39)&#8221; background_mask_size=&#8221;cover&#8221; custom_button_one=&#8221;on&#8221; button_one_text_size=&#8221;14px&#8221; button_one_text_color=&#8221;#ffffff&#8221; button_one_bg_color=&#8221;#ffb835&#8243; button_one_border_width=&#8221;14px&#8221; button_one_border_color=&#8221;rgba(0,0,0,0)&#8221; button_one_border_radius=&#8221;0px&#8221; button_one_letter_spacing=&#8221;2px&#8221; button_one_font=&#8221;|600||on|||||&#8221; button_one_icon=&#8221;&#x24;||divi||400&#8243; button_one_custom_margin=&#8221;56px||||false|false&#8221; custom_button_two=&#8221;on&#8221; button_two_text_size=&#8221;14px&#8221; button_two_text_color=&#8221;#0054ff&#8221; button_two_bg_color=&#8221;rgba(255,255,255,0)&#8221; button_two_border_width=&#8221;12px&#8221; button_two_border_color=&#8221;rgba(0,0,0,0)&#8221; button_two_border_radius=&#8221;0px&#8221; button_two_letter_spacing=&#8221;2px&#8221; button_two_font=&#8221;|600||on|||||&#8221; button_two_icon=&#8221;&#x39;||divi||400&#8243; button_two_on_hover=&#8221;off&#8221; background_layout=&#8221;light&#8221; height=&#8221;100%&#8221; custom_margin=&#8221;0px||||false|false&#8221; custom_padding=&#8221;145px||||false|false&#8221; animation_style=&#8221;zoom&#8221; animation_intensity_zoom=&#8221;-5%&#8221; hover_enabled=&#8221;0&#8243; title_text_color_tablet=&#8221;#000000&#8243; title_text_color_phone=&#8221;#FFFFFF&#8221; title_text_color_last_edited=&#8221;on|desktop&#8221; title_font_size_tablet=&#8221;&#8221; title_font_size_phone=&#8221;25px&#8221; title_font_size_last_edited=&#8221;on|desktop&#8221; subhead_text_color_tablet=&#8221;#666666&#8243; subhead_text_color_phone=&#8221;#FFFFFF&#8221; subhead_text_color_last_edited=&#8221;on|desktop&#8221; background_color_phone=&#8221;rgba(0,0,0,0.51)&#8221; background_last_edited=&#8221;on|desktop&#8221; background_enable_color_phone=&#8221;on&#8221; background_enable_mask_style_phone=&#8221;off&#8221; background_mask_size_phone=&#8221;cover&#8221; button_one_text_size_tablet=&#8221;14px&#8221; button_one_text_size_phone=&#8221;10px&#8221; button_one_text_size_last_edited=&#8221;on|phone&#8221; button_one_letter_spacing_tablet=&#8221;2px&#8221; button_one_letter_spacing_phone=&#8221;1px&#8221; button_one_letter_spacing_last_edited=&#8221;on|phone&#8221; custom_css_button_1=&#8221;animation: floating 4s ease-in-out infinite;&#8221; box_shadow_style_button_one=&#8221;preset3&#8243; box_shadow_style_button_two=&#8221;preset1&#8243; box_shadow_vertical_button_two=&#8221;0px&#8221; box_shadow_blur_button_two=&#8221;0px&#8221; box_shadow_spread_button_two=&#8221;2px&#8221; box_shadow_color_button_two=&#8221;#0054ff&#8221; button_one_letter_spacing_hover=&#8221;2px&#8221; button_two_letter_spacing_hover=&#8221;2px&#8221; global_colors_info=&#8221;{}&#8221; button_one_text_size__hover_enabled=&#8221;off&#8221; button_two_text_size__hover_enabled=&#8221;off&#8221; button_one_text_color__hover_enabled=&#8221;off&#8221; button_two_text_color__hover_enabled=&#8221;off&#8221; button_one_border_width__hover_enabled=&#8221;off&#8221; button_two_border_width__hover_enabled=&#8221;off&#8221; button_one_border_color__hover_enabled=&#8221;off&#8221; button_two_border_color__hover_enabled=&#8221;off&#8221; button_one_border_radius__hover_enabled=&#8221;off&#8221; button_two_border_radius__hover_enabled=&#8221;off&#8221; button_one_letter_spacing__hover_enabled=&#8221;on|desktop&#8221; button_one_letter_spacing__hover=&#8221;2px&#8221; button_two_letter_spacing__hover_enabled=&#8221;on&#8221; button_two_letter_spacing__hover=&#8221;2px&#8221; button_one_bg_color__hover_enabled=&#8221;on|hover&#8221; button_two_bg_color__hover_enabled=&#8221;off&#8221; button_one_bg_color__hover=&#8221;#ffb835&#8243; button_one_bg_enable_color__hover=&#8221;on&#8221; sticky_enabled=&#8221;0&#8243;][\/et_pb_fullwidth_header][\/et_pb_section][et_pb_section fb_built=&#8221;1&#8243; admin_label=&#8221;Services&#8221; _builder_version=&#8221;4.18.0&#8243; background_color=&#8221;#edf1f4&#8243; background_enable_mask_style=&#8221;on&#8221; background_mask_style=&#8221;ellipse&#8221; background_mask_transform=&#8221;invert&#8221; background_mask_size=&#8221;custom&#8221; background_mask_width=&#8221;110%&#8221; background_mask_height=&#8221;0%&#8221; background_mask_position=&#8221;center_left&#8221; background_mask_horizontal_offset=&#8221;-139px&#8221; custom_padding=&#8221;94px||31px|||&#8221; global_colors_info=&#8221;{}&#8221;][et_pb_row _builder_version=&#8221;4.16&#8243; custom_padding=&#8221;|||&#8221; global_colors_info=&#8221;{}&#8221;][et_pb_column type=&#8221;4_4&#8243; _builder_version=&#8221;4.16&#8243; custom_padding=&#8221;|||&#8221; global_colors_info=&#8221;{}&#8221; custom_padding__hover=&#8221;|||&#8221;][et_pb_text content_last_edited=&#8221;off|desktop&#8221; _builder_version=&#8221;4.21.0&#8243; text_font=&#8221;||||||||&#8221; header_font=&#8221;|700|||||||&#8221; header_text_align=&#8221;left&#8221; header_font_size=&#8221;45px&#8221; header_2_font=&#8221;|600||on|||||&#8221; header_2_text_color=&#8221;#000000&#8243; header_2_letter_spacing=&#8221;3px&#8221; header_2_line_height=&#8221;1.8em&#8221; header_3_font=&#8221;|700|||||||&#8221; header_3_text_align=&#8221;left&#8221; header_3_text_color=&#8221;#00b7a4&#8243; header_3_line_height=&#8221;1.5em&#8221; text_orientation=&#8221;center&#8221; hover_enabled=&#8221;0&#8243; header_font_size_tablet=&#8221;45px&#8221; header_font_size_phone=&#8221;30px&#8221; header_font_size_last_edited=&#8221;on|phone&#8221; header_3_font_size_tablet=&#8221;&#8221; header_3_font_size_phone=&#8221;15px&#8221; header_3_font_size_last_edited=&#8221;on|phone&#8221; global_colors_info=&#8221;{}&#8221; sticky_enabled=&#8221;0&#8243;]<\/p>\n<h2>Aconsegueix l&#8217;engagement que necessites amb bones campanyes d&#8217;email m\u00e0rqueting<\/h2>\n<h3>L&#8217;enviament massiu d&#8217;emails (o emailing), a difer\u00e8ncia del que es creu, es pot fer b\u00e9, i \u00e9s molt efectiu, t&#8217;expliquem el perqu\u00e8 i com<\/h3>\n<p>[\/et_pb_text][\/et_pb_column][\/et_pb_row][et_pb_row column_structure=&#8221;1_2,1_2&#8243; _builder_version=&#8221;4.16&#8243; global_colors_info=&#8221;{}&#8221;][et_pb_column type=&#8221;1_2&#8243; _builder_version=&#8221;4.16&#8243; custom_padding=&#8221;|||&#8221; global_colors_info=&#8221;{}&#8221; custom_padding__hover=&#8221;|||&#8221;][et_pb_text _builder_version=&#8221;4.21.0&#8243; text_font=&#8221;||||||||&#8221; text_line_height=&#8221;2em&#8221; header_font=&#8221;||||||||&#8221; header_3_font=&#8221;Lato|700|||||||&#8221; header_3_line_height=&#8221;1.4em&#8221; text_orientation=&#8221;justified&#8221; animation_style=&#8221;slide&#8221; animation_direction=&#8221;left&#8221; animation_duration=&#8221;1500ms&#8221; animation_delay=&#8221;400ms&#8221; animation_intensity_slide=&#8221;5%&#8221; global_colors_info=&#8221;{}&#8221;]<\/p>\n<p>L&#8217;Email M\u00e0rqueting, en el sentit m\u00e9s cl\u00e0ssic, consisteix a enviar missatges comercials via correu electr\u00f2nic a un grup de persones que b\u00e9 poden ser clients o clients potencials. En general, implica l&#8217;enviament d&#8217;anuncis, promocions, sol\u00b7licituds de negoci\u2026 i <strong>est\u00e0 destinat a fomentar la lleialtat<\/strong>, la confian\u00e7a, o la consci\u00e8ncia de marca.<\/p>\n<p>[\/et_pb_text][\/et_pb_column][et_pb_column type=&#8221;1_2&#8243; _builder_version=&#8221;4.16&#8243; custom_padding=&#8221;|||&#8221; global_colors_info=&#8221;{}&#8221; custom_padding__hover=&#8221;|||&#8221;][et_pb_text _builder_version=&#8221;4.21.0&#8243; text_font=&#8221;||||||||&#8221; text_line_height=&#8221;2em&#8221; header_font=&#8221;||||||||&#8221; header_3_font=&#8221;Lato|700|||||||&#8221; header_3_line_height=&#8221;1.4em&#8221; text_orientation=&#8221;justified&#8221; animation_style=&#8221;slide&#8221; animation_direction=&#8221;right&#8221; animation_duration=&#8221;1500ms&#8221; animation_delay=&#8221;400ms&#8221; animation_intensity_slide=&#8221;5%&#8221; locked=&#8221;off&#8221; global_colors_info=&#8221;{}&#8221;]<\/p>\n<p>Tot i aix\u00f2, l&#8217;emailing dins de la filosofia de l&#8217;Inbound Marketing nom\u00e9s s&#8217;ent\u00e9n com a <strong>Opt-in emailing o m\u00e0rqueting de perm\u00eds<\/strong>. Un m\u00e8tode mitjan\u00e7ant el qual el destinatari de la publicitat ha donat el seu consentiment i<strong> desitja rebre els nostres correus electr\u00f2nics<\/strong>.<\/p>\n<p>[\/et_pb_text][\/et_pb_column][\/et_pb_row][\/et_pb_section][et_pb_section fb_built=&#8221;1&#8243; admin_label=&#8221;Packages&#8221; _builder_version=&#8221;4.18.0&#8243; background_last_edited=&#8221;on|phone&#8221; background_mask_size_phone=&#8221;cover&#8221; global_colors_info=&#8221;{}&#8221;][et_pb_row column_structure=&#8221;2_5,3_5&#8243; make_equal=&#8221;on&#8221; padding_top_bottom_link_1=&#8221;false&#8221; padding_top_bottom_link_2=&#8221;true&#8221; _builder_version=&#8221;4.18.0&#8243; custom_margin=&#8221;40px||80px||false&#8221; custom_padding=&#8221;0|0px|0|0px|true|false&#8221; animation_style=&#8221;slide&#8221; animation_direction=&#8221;left&#8221; animation_intensity_slide=&#8221;1%&#8221; global_colors_info=&#8221;{}&#8221;][et_pb_column type=&#8221;2_5&#8243; _builder_version=&#8221;4.18.0&#8243; custom_padding=&#8221;80px||40px|&#8221; custom_padding_tablet=&#8221;0px|||&#8221; custom_padding_phone=&#8221;&#8221; custom_padding_last_edited=&#8221;on|tablet&#8221; global_colors_info=&#8221;{}&#8221; padding_tablet=&#8221;0px|||&#8221; padding_last_edited=&#8221;on|tablet&#8221; custom_padding__hover=&#8221;|||&#8221; padding_phone=&#8221;0px|||&#8221;][et_pb_text _builder_version=&#8221;4.21.0&#8243; text_font=&#8221;||||||||&#8221; text_line_height=&#8221;2em&#8221; header_font=&#8221;||||||||&#8221; header_3_font=&#8221;|900|||||||&#8221; header_3_font_size=&#8221;35px&#8221; header_3_line_height=&#8221;1.5em&#8221; header_4_font=&#8221;Open Sans|700||on|||||&#8221; header_4_text_color=&#8221;rgba(12,12,12,0.27)&#8221; header_4_font_size=&#8221;13px&#8221; header_4_letter_spacing=&#8221;3px&#8221; header_4_line_height=&#8221;1.8em&#8221; hover_enabled=&#8221;0&#8243; header_3_font_size_tablet=&#8221;&#8221; header_3_font_size_phone=&#8221;25px&#8221; header_3_font_size_last_edited=&#8221;on|desktop&#8221; global_colors_info=&#8221;{}&#8221; sticky_enabled=&#8221;0&#8243;]<\/p>\n<h3>L&#8217;email m\u00e0rqueting dins l&#8217;estrat\u00e8gia online<\/h3>\n<p>Amb l&#8217;emailing integrat a la nostra estrat\u00e8gia general de continguts no es tracta \u00fanicament d&#8217;aconseguir que els nostres missatges no molestin els nostres destinataris sin\u00f3 que els continguts que els oferim <strong>siguin realment del seu inter\u00e8s<\/strong>, que els estiguin esperant i desitjant rebre&#8217;ls.<\/p>\n<p>Cal treballar perqu\u00e8 la tem\u00e0tica i peridiocitat dels nostres missatges sigui <strong>el m\u00e9s propera possible<\/strong> a les prefer\u00e8ncies dels nostres grups de subscriptors. Aix\u00f2 implica utilitzar <strong>eines d&#8217;automatitzaci\u00f3 de m\u00e0rqueting<\/strong> que ens permetin segmentar i analitzar la resposta dels destinataris i que permetin modificar les seves prefer\u00e8ncies en qualsevol moment de la manera m\u00e9s f\u00e0cil i c\u00f2moda possibles.<\/p>\n<p>[\/et_pb_text][\/et_pb_column][et_pb_column type=&#8221;3_5&#8243; _builder_version=&#8221;4.18.0&#8243; custom_padding=&#8221;60px||60px|&#8221; global_colors_info=&#8221;{}&#8221; custom_padding__hover=&#8221;|||&#8221;][et_pb_image src=&#8221;https:\/\/articagency.cat\/wp-content\/uploads\/2022\/09\/com-gestionem-ads-2.svg&#8221; alt=&#8221;campanyes google ads facebook&#8221; title_text=&#8221;com-gestionem-ads&#8221; align_tablet=&#8221;center&#8221; align_phone=&#8221;&#8221; align_last_edited=&#8221;on|desktop&#8221; _builder_version=&#8221;4.18.0&#8243; custom_margin=&#8221;|-20%||&#8221; custom_margin_tablet=&#8221;|-10%||&#8221; custom_margin_phone=&#8221;|||&#8221; custom_margin_last_edited=&#8221;on|phone&#8221; animation_style=&#8221;slide&#8221; animation_direction=&#8221;right&#8221; animation_duration=&#8221;1600ms&#8221; animation_delay=&#8221;500ms&#8221; animation_intensity_slide=&#8221;5%&#8221; global_colors_info=&#8221;{}&#8221;][\/et_pb_image][\/et_pb_column][\/et_pb_row][\/et_pb_section][et_pb_section fb_built=&#8221;1&#8243; _builder_version=&#8221;4.18.0&#8243; _module_preset=&#8221;default&#8221; background_enable_mask_style=&#8221;on&#8221; background_mask_style=&#8221;arch&#8221; background_mask_color=&#8221;#edf1f4&#8243; background_mask_transform=&#8221;flip_horizontal&#8221; background_mask_size=&#8221;cover&#8221; global_colors_info=&#8221;{}&#8221;][et_pb_row column_structure=&#8221;3_5,2_5&#8243; make_equal=&#8221;on&#8221; padding_top_bottom_link_1=&#8221;true&#8221; padding_top_bottom_link_2=&#8221;false&#8221; _builder_version=&#8221;4.18.0&#8243; custom_margin=&#8221;40px||80px||false&#8221; custom_padding=&#8221;0|0px|0|0px|true|false&#8221; animation_style=&#8221;slide&#8221; animation_direction=&#8221;right&#8221; animation_intensity_slide=&#8221;1%&#8221; global_colors_info=&#8221;{}&#8221;][et_pb_column type=&#8221;3_5&#8243; _builder_version=&#8221;4.18.0&#8243; custom_padding=&#8221;135px||60px||false|false&#8221; global_colors_info=&#8221;{}&#8221; custom_padding__hover=&#8221;|||&#8221;][et_pb_image src=&#8221;https:\/\/articagency.cat\/wp-content\/uploads\/2022\/09\/on-dirigim-5.svg&#8221; alt=&#8221;gestio de google ads i facebook ads&#8221; title_text=&#8221;on-dirigim&#8221; align_tablet=&#8221;center&#8221; align_phone=&#8221;&#8221; align_last_edited=&#8221;on|desktop&#8221; _builder_version=&#8221;4.18.0&#8243; custom_margin=&#8221;|||-20%&#8221; custom_margin_tablet=&#8221;|||-10%&#8221; custom_margin_phone=&#8221;|||&#8221; custom_margin_last_edited=&#8221;on|phone&#8221; animation_style=&#8221;slide&#8221; animation_direction=&#8221;left&#8221; animation_duration=&#8221;1700ms&#8221; animation_delay=&#8221;450ms&#8221; animation_intensity_slide=&#8221;5%&#8221; locked=&#8221;off&#8221; global_colors_info=&#8221;{}&#8221;][\/et_pb_image][\/et_pb_column][et_pb_column type=&#8221;2_5&#8243; _builder_version=&#8221;4.16&#8243; custom_padding=&#8221;80px||40px|&#8221; custom_padding_tablet=&#8221;0px|||&#8221; custom_padding_phone=&#8221;&#8221; custom_padding_last_edited=&#8221;on|desktop&#8221; global_colors_info=&#8221;{}&#8221; padding_tablet=&#8221;0px|||&#8221; padding_last_edited=&#8221;on|desktop&#8221; custom_padding__hover=&#8221;|||&#8221; padding_phone=&#8221;0px|||&#8221;][et_pb_text _builder_version=&#8221;4.21.0&#8243; text_font=&#8221;||||||||&#8221; text_line_height=&#8221;2em&#8221; link_text_color=&#8221;#ffb835&#8243; header_font=&#8221;||||||||&#8221; header_3_font=&#8221;|700|||||||&#8221; header_3_font_size=&#8221;35px&#8221; header_3_line_height=&#8221;1.5em&#8221; header_4_font=&#8221;Lato|700||on|||||&#8221; header_4_text_color=&#8221;rgba(12,12,12,0.27)&#8221; header_4_font_size=&#8221;13px&#8221; header_4_letter_spacing=&#8221;3px&#8221; header_4_line_height=&#8221;1.8em&#8221; hover_enabled=&#8221;0&#8243; header_3_font_size_tablet=&#8221;&#8221; header_3_font_size_phone=&#8221;25px&#8221; header_3_font_size_last_edited=&#8221;on|phone&#8221; locked=&#8221;off&#8221; global_colors_info=&#8221;{}&#8221; sticky_enabled=&#8221;0&#8243;]<\/p>\n<h3>I com ho aconseguim?<\/h3>\n<p>Hem d&#8217;intentar entaular conversa amb els nostres usuaris i <strong>provocar el seu feedback<\/strong> de la mateixa manera que ho fem en <a href=\"https:\/\/articagency.cat\/marqueting-en-xarxes-socials\/\">social media<\/a>. Aconseguir el major nivell de personalitzaci\u00f3 possible per <strong>ser realment rellevants<\/strong> i assolir un alt grau de satisfacci\u00f3 entre els nostres clients o clients potencials.<\/p>\n<p>A Artic Agency <strong>integrem l&#8217;emailing a l&#8217;estrat\u00e8gia global de continguts<\/strong> per extreure el m\u00e0xim profit als nostres esfor\u00e7os \u2013reaprofitem materials a diversos canals\u2013. A m\u00e9s, fem una anal\u00edtica de rendiment afinada que ens permet una <strong>optimitzaci\u00f3 cont\u00ednua<\/strong> de les nostres accions.<\/p>\n<p>&nbsp;<\/p>\n<p>&nbsp;<\/p>\n<p>&nbsp;<\/p>\n<p>[\/et_pb_text][\/et_pb_column][\/et_pb_row][\/et_pb_section]<\/p>\n","protected":false},"excerpt":{"rendered":"<p>Aconsegueix l&#8217;engagement que necessites amb bones campanyes d&#8217;email m\u00e0rqueting L&#8217;enviament massiu d&#8217;emails (o emailing), a difer\u00e8ncia del que es creu, es pot fer b\u00e9, i \u00e9s molt efectiu, t&#8217;expliquem el perqu\u00e8 i comL&#8217;Email M\u00e0rqueting, en el sentit m\u00e9s cl\u00e0ssic, consisteix a enviar missatges comercials via correu electr\u00f2nic a un grup de persones que b\u00e9 poden [&hellip;]<\/p>\n","protected":false},"author":2,"featured_media":0,"parent":0,"menu_order":0,"comment_status":"closed","ping_status":"closed","template":"","meta":{"_et_pb_use_builder":"on","_et_pb_old_content":"","_et_gb_content_width":"","inline_featured_image":false,"_uag_custom_page_level_css":"","footnotes":""},"class_list":["post-1765","page","type-page","status-publish","hentry"],"uagb_featured_image_src":{"full":false,"thumbnail":false,"medium":false,"medium_large":false,"large":false,"1536x1536":false,"2048x2048":false,"trp-custom-language-flag":false,"et-pb-post-main-image":false,"et-pb-post-main-image-fullwidth":false,"et-pb-portfolio-image":false,"et-pb-portfolio-module-image":false,"et-pb-portfolio-image-single":false,"et-pb-gallery-module-image-portrait":false,"et-pb-post-main-image-fullwidth-large":false,"et-pb-image--responsive--desktop":false,"et-pb-image--responsive--tablet":false,"et-pb-image--responsive--phone":false},"uagb_author_info":{"display_name":"Francesc Beumala Suri\u00e0","author_link":"https:\/\/articagency.cat\/ca\/author\/francesc\/"},"uagb_comment_info":0,"uagb_excerpt":"Aconsegueix l'engagement que necessites amb bones campanyes d'email m\u00e0rqueting L'enviament massiu d'emails (o emailing), a difer\u00e8ncia del que es creu, es pot fer b\u00e9, i \u00e9s molt efectiu, t'expliquem el perqu\u00e8 i comL'Email M\u00e0rqueting, en el sentit m\u00e9s cl\u00e0ssic, consisteix a enviar missatges comercials via correu electr\u00f2nic a un grup de persones que b\u00e9 poden&hellip;","_links":{"self":[{"href":"https:\/\/articagency.cat\/ca\/wp-json\/wp\/v2\/pages\/1765","targetHints":{"allow":["GET"]}}],"collection":[{"href":"https:\/\/articagency.cat\/ca\/wp-json\/wp\/v2\/pages"}],"about":[{"href":"https:\/\/articagency.cat\/ca\/wp-json\/wp\/v2\/types\/page"}],"author":[{"embeddable":true,"href":"https:\/\/articagency.cat\/ca\/wp-json\/wp\/v2\/users\/2"}],"replies":[{"embeddable":true,"href":"https:\/\/articagency.cat\/ca\/wp-json\/wp\/v2\/comments?post=1765"}],"version-history":[{"count":5,"href":"https:\/\/articagency.cat\/ca\/wp-json\/wp\/v2\/pages\/1765\/revisions"}],"predecessor-version":[{"id":33529,"href":"https:\/\/articagency.cat\/ca\/wp-json\/wp\/v2\/pages\/1765\/revisions\/33529"}],"wp:attachment":[{"href":"https:\/\/articagency.cat\/ca\/wp-json\/wp\/v2\/media?parent=1765"}],"curies":[{"name":"wp","href":"https:\/\/api.w.org\/{rel}","templated":true}]}}