{"id":171,"date":"2022-07-21T13:03:49","date_gmt":"2022-07-21T13:03:49","guid":{"rendered":"https:\/\/articagency.cat\/?page_id=171"},"modified":"2025-04-18T22:10:26","modified_gmt":"2025-04-18T21:10:26","slug":"politica-de-privacitat","status":"publish","type":"page","link":"https:\/\/articagency.cat\/ca\/politica-de-privacitat\/","title":{"rendered":"Pol\u00edtica de privacitat"},"content":{"rendered":"<p>[et_pb_section fb_built=&#8221;1&#8243; _builder_version=&#8221;4.18.0&#8243; _module_preset=&#8221;default&#8221; global_colors_info=&#8221;{}&#8221;][et_pb_row _builder_version=&#8221;4.18.0&#8243; _module_preset=&#8221;default&#8221; global_colors_info=&#8221;{}&#8221;][et_pb_column type=&#8221;4_4&#8243; _builder_version=&#8221;4.18.0&#8243; _module_preset=&#8221;default&#8221; global_colors_info=&#8221;{}&#8221;][et_pb_post_title meta=&#8221;off&#8221; featured_image=&#8221;off&#8221; _builder_version=&#8221;4.18.0&#8243; _module_preset=&#8221;default&#8221; title_font_size=&#8221;38px&#8221; global_colors_info=&#8221;{}&#8221;][\/et_pb_post_title][et_pb_text _builder_version=&#8221;4.27.4&#8243; _module_preset=&#8221;default&#8221; hover_enabled=&#8221;0&#8243; global_colors_info=&#8221;{}&#8221; sticky_enabled=&#8221;0&#8243;]<\/p>\n<p style=\"text-align: justify;\"><span style=\"font-size:14px;\"><br \/>\n<strong>1. INFORMACI\u00d3 PER A L&rsquo;USUARI<\/strong><\/span><span style=\"font-size:12px;\"><\/span><\/p>\n<p style=\"text-align: justify;\"><span style=\"font-size:12px;\"><strong><span style=\"color:#000080;\">Qui \u00e9s el responsable del tractament de les teves dades personals?<\/span><\/strong><\/span><\/p>\n<p style=\"text-align: justify;\"><span style=\"font-size:12px;\"><strong>ARTIC AGENCY DIGITAL CONSULTING SL<\/strong> \u00e9s el RESPONSABLE del tractament de les dades personals de l&rsquo;USUARI i l&rsquo;informa que aquestes dades es tractaran de conformitat amb el que estableix el Reglament (UE) 2016\/679, de 27 d&rsquo;abril (GDPR), i la Llei Org\u00e0nica 3\/2018, de 5 de desembre (LOPDGDD).<\/span><\/p>\n<p style=\"text-align: justify;\"><span style=\"font-size:12px;\"><span style=\"color:#000080;\"><strong>&iquest;Per a qu\u00e8 tractem les teves dades personals i perqu\u00e8 ho fem?<\/strong><\/span><\/span><\/p>\n<p style=\"text-align: justify;\"><span style=\"font-size:12px;\"><span style=\"font-size:12px;\">Segons el formulari on h\u00e0gim obtingut <\/span>les vostres dades personals, les tractarem de manera confidencial per assolir les finalitats seg\u00fcents:<\/span><\/p>\n<p><span style=\"font-size:12px;\">En el formulari <b>Contacte<\/b><\/p>\n<ul>\n<li>Donar resposta a les consultes o qualsevol tipus de petici\u00f3 que faci l&#8217;usuari a trav\u00e9s de qualsevol de les formes de contacte que es posen a la seva disposici\u00f3 a la p\u00e0gina web del responsable. <br \/>(<i>per l&#8217;inter\u00e8s leg\u00edtim de l&#8217;responsable, art. 6.1.f GDPR<\/i>)<\/li>\n<li>Enviar comunicacions comercials publicit\u00e0ries per e-mail, fax, SMS, MMS, xarxes socials o qualsevol altre mitj\u00e0 electr\u00f2nic o f\u00edsic, present o futur, que permeti efectuar comunicacions comercials. Aquestes comunicacions s&#8217;han de fer per mitj\u00e0 del responsable i estan relacionades amb els seus productes i serveis, o amb els seus col\u00b7laboradors o prove\u00efdors, amb els quals hagi arribat a algun acord de promoci\u00f3. En aquest cas, els tercers no tindran mai acc\u00e9s a les dades personals. <br \/>(<i>pel consentiment de l&#8217;interessat, 6.1.a GDPR<\/i>)<\/li>\n<li>Efectuar an\u00e0lisis estad\u00edstiques i estudis de mercat. <br \/>(<i>per l&#8217;inter\u00e8s leg\u00edtim de l&#8217;responsable, art. 6.1.f GDPR<\/i>)<\/li>\n<\/ul>\n<p><\/span><\/p>\n<p><span style=\"font-size:12px;\"><span style=\"color:#000080;\"><strong>Durant quant de temps guardarem les teves dades personals?<\/strong><\/span><\/span><\/p>\n<p style=\"text-align: justify;\"><span style=\"font-size:12px;\">Es conservaran durant no m\u00e9s temps del necessari per mantenir la finalitat del tractament o mentre hi hagi prescripcions legals que en dictaminin la cust\u00f2dia i quan ja no sigui necessari per aquest motiu, se suprimiran amb mesures de seguretat adequades per garantir que les dades siguin anonimitzades o totalment destru\u00efdes. <\/span><\/p>\n<p style=\"text-align: justify;\"><span style=\"font-size:12px;\"><strong><span style=\"color:#000080;\">A qui facilitem les vostres dades personals?<\/span><\/strong><\/span><\/p>\n<p style=\"text-align: justify;\"><span style=\"font-size:12px;\">No es preveu cap comunicaci\u00f3 de dades personals a tercers excepte si fos necessari per al desenvolupament i execuci\u00f3 de les finalitats del tractament, als nostres prove\u00efdors de serveis relacionats amb comunicacions, amb els quals el <span style=\"font-size:12px;\">RESPONSABLE<\/span> ha formalitzat els contractes de confidencialitat i d&rsquo;encarregat de tractament exigits per la normativa vigent de privacitat.<\/span><\/p>\n<p style=\"text-align: justify;\"><span style=\"font-size:12px;\"><span style=\"color:#000080;\"><strong>Quins s\u00f3n teus drets?<\/strong><\/span><\/span><\/p>\n<p style=\"text-align: justify;\"><span style=\"font-size:12px;\">Els drets que t\u00e9 l&rsquo;USUARI s\u00f3n:<\/span><\/p>\n<ul>\n<li style=\"text-align: justify;\">\n<p><span style=\"font-size:12px;\">Dret a retirar el consentiment en qualsevol moment.<\/span><\/p>\n<\/li>\n<li style=\"text-align: justify;\">\n<p><span style=\"font-size:12px;\">Dret d&rsquo;acc\u00e9s, rectificaci\u00f3, portabilitat i supressi\u00f3 de les vostres dades i de limitaci\u00f3 o oposici\u00f3 al seu tractament.<\/span><\/p>\n<\/li>\n<li style=\"text-align: justify;\">\n<p><span style=\"font-size:12px;\">Dret a presentar una reclamaci\u00f3 davant l&rsquo;autoritat de control (www.aepd.es) si considera que el tractament no s&rsquo;ajusta a la normativa vigent.<\/span><\/p>\n<\/li>\n<\/ul>\n<p style=\"text-align: justify;\"><span style=\"font-size:12px;\"><strong>Dades de contacte per exercir els seus drets<\/strong>:<\/span><\/p>\n<p style=\"text-align: justify;\"><span style=\"font-size:12px;\">ARTIC AGENCY DIGITAL CONSULTING SL. Av. Vilafranca del Pened\u00e8s, 11B, &#8211; 08799 Ol\u00e8rdola  (Barcelona). E-mail: info@articagency.cat<\/span><span style=\"font-size:14px;\"><\/span><\/p>\n<p style=\"text-align: justify;\"><span style=\"font-size:14px;\"><br \/>\n<strong>2. CAR\u00c0CTER OBLIGATORI O FACULTATIU DE LA INFORMACI\u00d3 FACILITADA PER L&rsquo;USUARI<\/strong><\/span><\/p>\n<p style=\"text-align: justify;\"><span style=\"font-size:12px;\">Els USUARIS, per mitj\u00e0 de les caselles corresponents i la introducci\u00f3 de dades en els camps, marcats amb l&rsquo;asterisc (*) en el formulari de contacte o presentats en formularis de desc\u00e0rrega, accepten expressament i de manera lliure i inequ\u00edvoca, que les seves dades s\u00f3n necess\u00e0ries per atendre la seva petici\u00f3, per part del prestador, i que per tant la inclusi\u00f3 de les dades en els camps restants \u00e9s volunt\u00e0ria. L&rsquo;USUARI garanteix que les dades personals facilitades al <span style=\"font-size:12px;\">RESPONSABLE <\/span>s\u00f3n ver\u00eddiques i es fa responsable de comunicar-ne qualsevol modificaci\u00f3.<\/span><span style=\"font-size:12px;\"><\/span><\/p>\n<p style=\"text-align: justify;\"><span style=\"font-size:12px;\"><span style=\"font-size:12px;\">El RESPONSABLE<\/span> informa que totes les dades sol&middot;licitades a trav\u00e9s del lloc web s\u00f3n obligat\u00f2ries, ja que s\u00f3n necess\u00e0ries per a la prestaci\u00f3 d&rsquo;un servei \u00f2ptim a l&rsquo;USUARI. En cas que no es facilitin totes les dades, no es garanteix que la informaci\u00f3 i serveis facilitats s&rsquo;ajustin completament a les seves necessitats.<\/span><\/p>\n<p style=\"text-align: justify;\"><span style=\"font-size:14px;\"><br \/>\n<strong>3. MESURES DE SEGURETAT<\/strong><\/span><span style=\"font-size:12px;\"><\/span><\/p>\n<p style=\"text-align: justify;\"><span style=\"font-size:12px;\">Que, de conformitat amb el que estableixen les normatives vigents en protecci\u00f3 de dades personals, el RESPONSABLE est\u00e0 complint amb totes les disposicions de les normatives GDPR i LOPDGDD per al tractament de les dades personals de la seva responsabilitat, i manifestament amb els principis descrits a l&rsquo;article 5 del GDPR, pels quals es tracten de manera l\u00edcita, lleial i transparent en relaci\u00f3 amb l&rsquo;interessat i adequades, pertinents i limitades al que \u00e9s necessari en relaci\u00f3 amb les finalitats per a les quals es tracten.<\/span><span style=\"font-size:12px;\"><\/span><\/p>\n<p style=\"text-align: justify;\"><span style=\"font-size:12px;\">El <span style=\"font-size:12px;\">RESPONSABLE<\/span> garanteix que ha implementat pol\u00edtiques t\u00e8cniques i organitzatives apropiades per aplicar les mesures de seguretat que estableixen el GDPR i la LOPDGDD, amb la finalitat de protegir els drets i llibertats dels USUARIS i els ha comunicat la informaci\u00f3 adequada perqu\u00e8 puguin exercir-los.<\/span><\/p>\n<p style=\"text-align: justify;\"><span style=\"font-size:12px;\">Per a m\u00e9s informaci\u00f3 sobre les garanties de privacitat, pots adre\u00e7ar-te al <b> <\/b><span style=\"font-size:12px;\">RESPONSABLE<\/span>a trav\u00e9s de ARTIC AGENCY DIGITAL CONSULTING SL. Av. Vilafranca del Pened\u00e8s, 11B, &#8211; 08799 Ol\u00e8rdola  (Barcelona). E-mail: info@articagency.cat<\/span><\/p>\n<p>[\/et_pb_text][\/et_pb_column][\/et_pb_row][et_pb_row _builder_version=&#8221;4.18.0&#8243; _module_preset=&#8221;default&#8221; global_colors_info=&#8221;{}&#8221;][et_pb_column type=&#8221;4_4&#8243; _builder_version=&#8221;4.18.0&#8243; _module_preset=&#8221;default&#8221; global_colors_info=&#8221;{}&#8221;][\/et_pb_column][\/et_pb_row][\/et_pb_section]<\/p>\n","protected":false},"excerpt":{"rendered":"<p>1. INFORMACI\u00d3 PER A L&rsquo;USUARI Qui \u00e9s el responsable del tractament de les teves dades personals? ARTIC AGENCY DIGITAL CONSULTING SL \u00e9s el RESPONSABLE del tractament de les dades personals de l&rsquo;USUARI i l&rsquo;informa que aquestes dades es tractaran de conformitat amb el que estableix el Reglament (UE) 2016\/679, de 27 d&rsquo;abril (GDPR), i la [&hellip;]<\/p>\n","protected":false},"author":2,"featured_media":0,"parent":0,"menu_order":0,"comment_status":"closed","ping_status":"closed","template":"","meta":{"_et_pb_use_builder":"on","_et_pb_old_content":"","_et_gb_content_width":"","inline_featured_image":false,"_uag_custom_page_level_css":"","footnotes":""},"class_list":["post-171","page","type-page","status-publish","hentry"],"uagb_featured_image_src":{"full":false,"thumbnail":false,"medium":false,"medium_large":false,"large":false,"1536x1536":false,"2048x2048":false,"trp-custom-language-flag":false,"et-pb-post-main-image":false,"et-pb-post-main-image-fullwidth":false,"et-pb-portfolio-image":false,"et-pb-portfolio-module-image":false,"et-pb-portfolio-image-single":false,"et-pb-gallery-module-image-portrait":false,"et-pb-post-main-image-fullwidth-large":false,"et-pb-image--responsive--desktop":false,"et-pb-image--responsive--tablet":false,"et-pb-image--responsive--phone":false},"uagb_author_info":{"display_name":"Francesc Beumala Suri\u00e0","author_link":"https:\/\/articagency.cat\/ca\/author\/francesc\/"},"uagb_comment_info":0,"uagb_excerpt":"1. INFORMACI\u00d3 PER A L&rsquo;USUARI Qui \u00e9s el responsable del tractament de les teves dades personals? ARTIC AGENCY DIGITAL CONSULTING SL \u00e9s el RESPONSABLE del tractament de les dades personals de l&rsquo;USUARI i l&rsquo;informa que aquestes dades es tractaran de conformitat amb el que estableix el Reglament (UE) 2016\/679, de 27 d&rsquo;abril (GDPR), i la&hellip;","_links":{"self":[{"href":"https:\/\/articagency.cat\/ca\/wp-json\/wp\/v2\/pages\/171","targetHints":{"allow":["GET"]}}],"collection":[{"href":"https:\/\/articagency.cat\/ca\/wp-json\/wp\/v2\/pages"}],"about":[{"href":"https:\/\/articagency.cat\/ca\/wp-json\/wp\/v2\/types\/page"}],"author":[{"embeddable":true,"href":"https:\/\/articagency.cat\/ca\/wp-json\/wp\/v2\/users\/2"}],"replies":[{"embeddable":true,"href":"https:\/\/articagency.cat\/ca\/wp-json\/wp\/v2\/comments?post=171"}],"version-history":[{"count":3,"href":"https:\/\/articagency.cat\/ca\/wp-json\/wp\/v2\/pages\/171\/revisions"}],"predecessor-version":[{"id":34804,"href":"https:\/\/articagency.cat\/ca\/wp-json\/wp\/v2\/pages\/171\/revisions\/34804"}],"wp:attachment":[{"href":"https:\/\/articagency.cat\/ca\/wp-json\/wp\/v2\/media?parent=171"}],"curies":[{"name":"wp","href":"https:\/\/api.w.org\/{rel}","templated":true}]}}